{"id":60298,"date":"2021-10-19T13:17:15","date_gmt":"2021-10-19T11:17:15","guid":{"rendered":"https:\/\/deananddavid.com\/impressum\/"},"modified":"2024-06-18T16:31:54","modified_gmt":"2024-06-18T14:31:54","slug":"impressum","status":"publish","type":"page","link":"https:\/\/deananddavid.com\/ch-de\/impressum\/","title":{"rendered":"Impressum"},"content":{"rendered":"<div class=\"wpb-content-wrapper\"><p>[vc_row][vc_column][vc_empty_space height=&#187;52px&#187;][vc_column_text]<\/p>\n<h4>Verantwortlich f\u00fcr den Inhalt nach \u00a7 55 Abs. 2 RStV:<\/h4>\n<p>[\/vc_column_text][\/vc_column][\/vc_row][vc_row][vc_column][vc_column_text]<\/p>\n<h3>Herausgeber<\/h3>\n<p>[\/vc_column_text][vc_column_text css=&#187;&#187;]Gesetzliche Anbieterkennung::<\/p>\n<p>dean&amp;david Schweiz AG<br \/>\nErnst-Nobs-Platz 1<br \/>\n8004 Z\u00fcrich<\/p>\n<p>UID: CHE-135.035.608[\/vc_column_text][\/vc_column][\/vc_row][vc_row][vc_column][vc_column_text]<\/p>\n<h3>Bildrechte<\/h3>\n<p>[\/vc_column_text][vc_column_text css=&#187;&#187;]Alle verwendeten Bilder sind zur zeitlich und \u00f6rtlich unbegrenzten Nutzung der dean&amp;david Schweiz AG \u00fcberlassen.<\/p>\n<p>Eine Vervielf\u00e4ltigung, Verbreitung oder \u00f6ffentliche Wiedergabe ist ausschlie\u00dflich im Falle einer widerruflichen und nicht \u00fcbertragbaren Zustimmung der dean&amp;david Schweiz AG gestattet.[\/vc_column_text][\/vc_column][\/vc_row][vc_column][\/vc_column]<\/p>\n<\/div>","protected":false},"excerpt":{"rendered":"<p>[vc_row][vc_column][vc_empty_space height=&#187;52px&#187;][vc_column_text] Verantwortlich f\u00fcr den Inhalt nach \u00a7 55 Abs. 2 RStV: [\/vc_column_text][\/vc_column][\/vc_row][vc_row][vc_column][vc_column_text] Herausgeber [\/vc_column_text][vc_column_text css=&#187;&#187;]Gesetzliche Anbieterkennung:: dean&amp;david Schweiz AG Ernst-Nobs-Platz 1 8004 Z\u00fcrich UID: CHE-135.035.608[\/vc_column_text][\/vc_column][\/vc_row][vc_row][vc_column][vc_column_text] Bildrechte [\/vc_column_text][vc_column_text css=&#187;&#187;]Alle verwendeten Bilder sind zur zeitlich und \u00f6rtlich unbegrenzten Nutzung der dean&amp;david Schweiz AG \u00fcberlassen. Eine Vervielf\u00e4ltigung, Verbreitung oder \u00f6ffentliche Wiedergabe ist ausschlie\u00dflich im Falle einer widerruflichen [&hellip;]<\/p>\n","protected":false},"author":1266,"featured_media":0,"parent":0,"menu_order":0,"comment_status":"closed","ping_status":"closed","template":"page-boxed.php","meta":{"_acf_changed":false,"rs_blank_template":"","rs_page_bg_color":"","slide_template_v7":"","footnotes":""},"class_list":["post-60298","page","type-page","status-publish","hentry"],"acf":[],"yoast_head":"<!-- This site is optimized with the Yoast SEO plugin v27.2 - https:\/\/yoast.com\/product\/yoast-seo-wordpress\/ -->\n<title>Impressum - dean&amp;david<\/title>\n<meta name=\"robots\" content=\"index, follow, max-snippet:-1, max-image-preview:large, max-video-preview:-1\" \/>\n<link rel=\"canonical\" href=\"https:\/\/deananddavid.com\/ch-de\/impressum\/\" \/>\n<meta property=\"og:locale\" content=\"de_DE\" \/>\n<meta property=\"og:type\" content=\"article\" \/>\n<meta property=\"og:title\" content=\"Impressum - dean&amp;david\" \/>\n<meta property=\"og:description\" content=\"[vc_row][vc_column][vc_empty_space height=&#187;52px&#187;][vc_column_text] Verantwortlich f\u00fcr den Inhalt nach \u00a7 55 Abs. 2 RStV: [\/vc_column_text][\/vc_column][\/vc_row][vc_row][vc_column][vc_column_text] Herausgeber [\/vc_column_text][vc_column_text css=&#187;&#187;]Gesetzliche Anbieterkennung:: dean&amp;david Schweiz AG Ernst-Nobs-Platz 1 8004 Z\u00fcrich UID: CHE-135.035.608[\/vc_column_text][\/vc_column][\/vc_row][vc_row][vc_column][vc_column_text] Bildrechte [\/vc_column_text][vc_column_text css=&#187;&#187;]Alle verwendeten Bilder sind zur zeitlich und \u00f6rtlich unbegrenzten Nutzung der dean&amp;david Schweiz AG \u00fcberlassen. Eine Vervielf\u00e4ltigung, Verbreitung oder \u00f6ffentliche Wiedergabe ist ausschlie\u00dflich im Falle einer widerruflichen [&hellip;]\" \/>\n<meta property=\"og:url\" content=\"https:\/\/deananddavid.com\/ch-de\/impressum\/\" \/>\n<meta property=\"og:site_name\" content=\"dean&amp;david\" \/>\n<meta property=\"article:publisher\" content=\"https:\/\/www.facebook.com\/deananddavid07\" \/>\n<meta property=\"article:modified_time\" content=\"2024-06-18T14:31:54+00:00\" \/>\n<meta name=\"twitter:card\" content=\"summary_large_image\" \/>\n<meta name=\"twitter:label1\" content=\"Gesch\u00e4tzte Lesezeit\" \/>\n\t<meta name=\"twitter:data1\" content=\"1\u00a0Minute\" \/>\n<script type=\"application\/ld+json\" class=\"yoast-schema-graph\">{\"@context\":\"https:\/\/schema.org\",\"@graph\":[{\"@type\":\"WebPage\",\"@id\":\"https:\/\/deananddavid.com\/ch-de\/impressum\/\",\"url\":\"https:\/\/deananddavid.com\/ch-de\/impressum\/\",\"name\":\"Impressum - dean&amp;david\",\"isPartOf\":{\"@id\":\"https:\/\/deananddavid.com\/ch-de\/#website\"},\"datePublished\":\"2021-10-19T11:17:15+00:00\",\"dateModified\":\"2024-06-18T14:31:54+00:00\",\"breadcrumb\":{\"@id\":\"https:\/\/deananddavid.com\/ch-de\/impressum\/#breadcrumb\"},\"inLanguage\":\"de-CH\",\"potentialAction\":[{\"@type\":\"ReadAction\",\"target\":[\"https:\/\/deananddavid.com\/ch-de\/impressum\/\"]}]},{\"@type\":\"BreadcrumbList\",\"@id\":\"https:\/\/deananddavid.com\/ch-de\/impressum\/#breadcrumb\",\"itemListElement\":[{\"@type\":\"ListItem\",\"position\":1,\"name\":\"Startseite\",\"item\":\"https:\/\/deananddavid.com\/ch-de\/\"},{\"@type\":\"ListItem\",\"position\":2,\"name\":\"Impressum\"}]},{\"@type\":\"WebSite\",\"@id\":\"https:\/\/deananddavid.com\/ch-de\/#website\",\"url\":\"https:\/\/deananddavid.com\/ch-de\/\",\"name\":\"dean&amp;david\",\"description\":\"CHANGE FOR BETTER.\",\"publisher\":{\"@id\":\"https:\/\/deananddavid.com\/ch-de\/#organization\"},\"potentialAction\":[{\"@type\":\"SearchAction\",\"target\":{\"@type\":\"EntryPoint\",\"urlTemplate\":\"https:\/\/deananddavid.com\/ch-de\/?s={search_term_string}\"},\"query-input\":{\"@type\":\"PropertyValueSpecification\",\"valueRequired\":true,\"valueName\":\"search_term_string\"}}],\"inLanguage\":\"de-CH\"},{\"@type\":\"Organization\",\"@id\":\"https:\/\/deananddavid.com\/ch-de\/#organization\",\"name\":\"dean&david\",\"url\":\"https:\/\/deananddavid.com\/ch-de\/\",\"logo\":{\"@type\":\"ImageObject\",\"inLanguage\":\"de-CH\",\"@id\":\"https:\/\/deananddavid.com\/ch-de\/#\/schema\/logo\/image\/\",\"url\":\"https:\/\/deananddavid.com\/wp-content\/uploads\/2017\/04\/deananddavid-superfood.png\",\"contentUrl\":\"https:\/\/deananddavid.com\/wp-content\/uploads\/2017\/04\/deananddavid-superfood.png\",\"width\":150,\"height\":50,\"caption\":\"dean&david\"},\"image\":{\"@id\":\"https:\/\/deananddavid.com\/ch-de\/#\/schema\/logo\/image\/\"},\"sameAs\":[\"https:\/\/www.facebook.com\/deananddavid07\",\"https:\/\/www.instagram.com\/dean_and_david\/\"]}]}<\/script>\n<!-- \/ Yoast SEO plugin. -->","yoast_head_json":{"title":"Impressum - dean&amp;david","robots":{"index":"index","follow":"follow","max-snippet":"max-snippet:-1","max-image-preview":"max-image-preview:large","max-video-preview":"max-video-preview:-1"},"canonical":"https:\/\/deananddavid.com\/ch-de\/impressum\/","og_locale":"de_DE","og_type":"article","og_title":"Impressum - dean&amp;david","og_description":"[vc_row][vc_column][vc_empty_space height=&#187;52px&#187;][vc_column_text] Verantwortlich f\u00fcr den Inhalt nach \u00a7 55 Abs. 2 RStV: [\/vc_column_text][\/vc_column][\/vc_row][vc_row][vc_column][vc_column_text] Herausgeber [\/vc_column_text][vc_column_text css=&#187;&#187;]Gesetzliche Anbieterkennung:: dean&amp;david Schweiz AG Ernst-Nobs-Platz 1 8004 Z\u00fcrich UID: CHE-135.035.608[\/vc_column_text][\/vc_column][\/vc_row][vc_row][vc_column][vc_column_text] Bildrechte [\/vc_column_text][vc_column_text css=&#187;&#187;]Alle verwendeten Bilder sind zur zeitlich und \u00f6rtlich unbegrenzten Nutzung der dean&amp;david Schweiz AG \u00fcberlassen. Eine Vervielf\u00e4ltigung, Verbreitung oder \u00f6ffentliche Wiedergabe ist ausschlie\u00dflich im Falle einer widerruflichen [&hellip;]","og_url":"https:\/\/deananddavid.com\/ch-de\/impressum\/","og_site_name":"dean&amp;david","article_publisher":"https:\/\/www.facebook.com\/deananddavid07","article_modified_time":"2024-06-18T14:31:54+00:00","twitter_card":"summary_large_image","twitter_misc":{"Gesch\u00e4tzte Lesezeit":"1\u00a0Minute"},"schema":{"@context":"https:\/\/schema.org","@graph":[{"@type":"WebPage","@id":"https:\/\/deananddavid.com\/ch-de\/impressum\/","url":"https:\/\/deananddavid.com\/ch-de\/impressum\/","name":"Impressum - dean&amp;david","isPartOf":{"@id":"https:\/\/deananddavid.com\/ch-de\/#website"},"datePublished":"2021-10-19T11:17:15+00:00","dateModified":"2024-06-18T14:31:54+00:00","breadcrumb":{"@id":"https:\/\/deananddavid.com\/ch-de\/impressum\/#breadcrumb"},"inLanguage":"de-CH","potentialAction":[{"@type":"ReadAction","target":["https:\/\/deananddavid.com\/ch-de\/impressum\/"]}]},{"@type":"BreadcrumbList","@id":"https:\/\/deananddavid.com\/ch-de\/impressum\/#breadcrumb","itemListElement":[{"@type":"ListItem","position":1,"name":"Startseite","item":"https:\/\/deananddavid.com\/ch-de\/"},{"@type":"ListItem","position":2,"name":"Impressum"}]},{"@type":"WebSite","@id":"https:\/\/deananddavid.com\/ch-de\/#website","url":"https:\/\/deananddavid.com\/ch-de\/","name":"dean&amp;david","description":"CHANGE FOR BETTER.","publisher":{"@id":"https:\/\/deananddavid.com\/ch-de\/#organization"},"potentialAction":[{"@type":"SearchAction","target":{"@type":"EntryPoint","urlTemplate":"https:\/\/deananddavid.com\/ch-de\/?s={search_term_string}"},"query-input":{"@type":"PropertyValueSpecification","valueRequired":true,"valueName":"search_term_string"}}],"inLanguage":"de-CH"},{"@type":"Organization","@id":"https:\/\/deananddavid.com\/ch-de\/#organization","name":"dean&david","url":"https:\/\/deananddavid.com\/ch-de\/","logo":{"@type":"ImageObject","inLanguage":"de-CH","@id":"https:\/\/deananddavid.com\/ch-de\/#\/schema\/logo\/image\/","url":"https:\/\/deananddavid.com\/wp-content\/uploads\/2017\/04\/deananddavid-superfood.png","contentUrl":"https:\/\/deananddavid.com\/wp-content\/uploads\/2017\/04\/deananddavid-superfood.png","width":150,"height":50,"caption":"dean&david"},"image":{"@id":"https:\/\/deananddavid.com\/ch-de\/#\/schema\/logo\/image\/"},"sameAs":["https:\/\/www.facebook.com\/deananddavid07","https:\/\/www.instagram.com\/dean_and_david\/"]}]}},"_links":{"self":[{"href":"https:\/\/deananddavid.com\/ch-de\/wp-json\/wp\/v2\/pages\/60298","targetHints":{"allow":["GET"]}}],"collection":[{"href":"https:\/\/deananddavid.com\/ch-de\/wp-json\/wp\/v2\/pages"}],"about":[{"href":"https:\/\/deananddavid.com\/ch-de\/wp-json\/wp\/v2\/types\/page"}],"author":[{"embeddable":true,"href":"https:\/\/deananddavid.com\/ch-de\/wp-json\/wp\/v2\/users\/1266"}],"replies":[{"embeddable":true,"href":"https:\/\/deananddavid.com\/ch-de\/wp-json\/wp\/v2\/comments?post=60298"}],"version-history":[{"count":4,"href":"https:\/\/deananddavid.com\/ch-de\/wp-json\/wp\/v2\/pages\/60298\/revisions"}],"predecessor-version":[{"id":80266,"href":"https:\/\/deananddavid.com\/ch-de\/wp-json\/wp\/v2\/pages\/60298\/revisions\/80266"}],"wp:attachment":[{"href":"https:\/\/deananddavid.com\/ch-de\/wp-json\/wp\/v2\/media?parent=60298"}],"curies":[{"name":"wp","href":"https:\/\/api.w.org\/{rel}","templated":true}]}}