{"id":77890,"date":"2023-08-01T10:22:42","date_gmt":"2023-08-01T08:22:42","guid":{"rendered":"https:\/\/deananddavid.com\/locations\/oerlikon-airgate\/"},"modified":"2023-08-07T15:28:22","modified_gmt":"2023-08-07T13:28:22","slug":"oerlikon-airgate","status":"publish","type":"page","link":"https:\/\/deananddavid.com\/ch-en\/locations\/oerlikon-airgate\/","title":{"rendered":"Oerlikon Airgate"},"content":{"rendered":"<div class=\"wpb-content-wrapper\">[vc_row full_width=&#8221;stretch_row&#8221; css=&#8221;.vc_custom_1634828310134{background-image: url(https:\/\/deananddavid.com\/wp-content\/uploads\/2021\/10\/DeanDavidZurich-15.jpg?id=60737) !important;background-position: center !important;background-repeat: no-repeat !important;background-size: cover !important;}&#8221;][vc_column][vc_empty_space height=&#8221;75px&#8221;][vc_column_text]\r\n<p style=\"text-align: center;\"><span style=\"color: #ffffff; text-shadow: 0 0 30px #000; letter-spacing: 0.05em; font-weight: normal; font-style: normal; font-size: 2.5em; line-height: 1.2; margin-bottom: 15px; font-family: TheHandBlack;\">Oerlikon\r\n<\/span><span style=\"color: #ffffff; text-transform: uppercase; font-family: DINNextLTPro-Medium; font-size: 2em; font-weight: normal; font-style: normal; line-height: 1.2; text-shadow: 0 0 30px #000;\">Airgate<\/span><\/p>\r\n[\/vc_column_text][vc_empty_space height=&#8221;75px&#8221;][\/vc_column][\/vc_row][vc_row 0=&#8221;&#8221;][vc_column offset=&#8221;vc_hidden-xs&#8221;][vc_single_image image=&#8221;63&#8243; img_size=&#8221;full&#8221; alignment=&#8221;center&#8221; css=&#8221;.vc_custom_1494340432006{margin-top: -100px !important;}&#8221;][vc_icon type=&#8221;entypo&#8221; icon_entypo=&#8221;entypo-icon entypo-icon-down-open&#8221; color=&#8221;custom&#8221; size=&#8221;xl&#8221; align=&#8221;center&#8221; custom_color=&#8221;#666666&#8243; css=&#8221;.vc_custom_1634827380923{margin-top: -100px !important;}&#8221;][\/vc_column][\/vc_row][vc_row 0=&#8221;&#8221;][vc_column][vc_empty_space height=&#8221;15px&#8221;][vc_column_text 0=&#8221;&#8221;]<span style=\"color: #72a862; font-weight: normal; font-style: normal; letter-spacing: 0.05em; font-size: 1.8em; line-height: 1.4em; font-family: TheHandBlack;\">Welcome to dean&amp;david!\u00a0<\/span>[\/vc_column_text][vc_column_text 0=&#8221;&#8221;]Freuen Sie sich auf die Neuer\u00f6ffnung\u00a0 \u00fcber das Sortiment an frischen Salaten, Bowls, Currys, Suppen und Sandwiches, sondern auch \u00fcber die tolle Lage.[\/vc_column_text][vc_column_text 0=&#8221;&#8221;]Schnelles, leckeres und unkompliziertes Essen ohne Kompromisse hinsichtlich Frische oder Qualit\u00e4t \u2013 damit zieht der dean&amp;david Store in Basel Besucher aus der ganzen Welt an. Genauso facettenreich pr\u00e4sentiert sich auch die Auswahl an frischen Zutaten, zwischen denen Kunden an der Salatbar w\u00e4hlen k\u00f6nnen. Ob vegetarisch, vegan oder laktosefrei, herzhaft oder fruchtig durch die individuelle Zusammenstellung der Salate ist so f\u00fcr jeden Geschmack und Ern\u00e4hrungsstil etwas dabei.[\/vc_column_text][vc_column_text 0=&#8221;&#8221;]Nicht nur Salate und Currys zum Mittagessen oder Abendessen, auch zahlreiche Optionen zum Mitnehmen zwischendurch wie frisch gepresste Smoothies und S\u00e4fte bietet der dean&amp;david Store. Bei der Produktauswahl legen wir grossen Wert darauf, dass nur qualitativ hochwertige Zutaten verwendet werden, die reich an N\u00e4hrstoffen sind und ohne Geschmacksverst\u00e4rker auskommen. Dabei achten wir ganz besonders auf die Verwendung von regionalen Zutaten. Die Salatmischung aus sechs ver\u00adschiedenen knackigen Sorten bezie\u00adhen wir die meiste Zeit des Jahres aus der Ostschweiz und dem Seeland. Das Poulet- und Rindsfleisch kommt ausschliesslich aus Schweizer Tierhaltung und die Kaffeebohnen Arabicas und Sidamos werden von R\u00f6stmeistern der Sima R\u00f6sterei im Kanton Graub\u00fcnden verfeinert.[\/vc_column_text][vc_column_text 0=&#8221;&#8221;]Mit dem eigenen Office Delivery-Angebot und dem Lieferdienst \u00fcber eat.ch bietet dean&amp;david auch eine M\u00f6glichkeit online unser feines Angebot zu bestellen.[\/vc_column_text][\/vc_column][\/vc_row][vc_row 0=&#8221;&#8221;][vc_column 0=&#8221;&#8221;][vc_empty_space height=&#8221;50px&#8221;][\/vc_column][\/vc_row][vc_row 0=&#8221;&#8221;][vc_column width=&#8221;1\/3&#8243;][vc_column_text 0=&#8221;&#8221;]\r\n<p style=\"text-align: left;\"><span style=\"color: #666a6b; text-transform: uppercase; font-size: 0.8em; font-family: DINNextLTPro-Medium; font-weight: normal; font-style: normal; margin-top: 0; line-height: 1; -webkit-margin-before: 0.83em; -webkit-margin-after: 0.83em; -webkit-margin-start: 0px; -webkit-margin-end: 0px; display: block; letter-spacing: 0.05em;\">\u00d6ffnungszeiten<\/span><\/p>\r\n[\/vc_column_text][vc_column_text 0=&#8221;&#8221;]<a href=\"https:\/\/www.google.ch\/search?hl=de&amp;_ga=2.136985776.1097723676.1616400082-2122534594.1605000561&amp;q=dean%26david&amp;ludocid=16536252495495236068&amp;lsig=AB86z5UMMkkFQ7Cmw46SNzexJ7Zk#loh=true\">\u00d6ffnungszeiten dean&amp;david Oerlikon Airgare<\/a>[\/vc_column_text][\/vc_column][vc_column width=&#8221;1\/3&#8243;][vc_column_text 0=&#8221;&#8221;]\r\n<p style=\"text-align: left;\"><span style=\"color: #666a6b; text-transform: uppercase; font-size: 0.8em; font-family: DINNextLTPro-Medium; font-weight: normal; font-style: normal; margin-top: 0; line-height: 1; -webkit-margin-before: 0.83em; -webkit-margin-after: 0.83em; -webkit-margin-start: 0px; -webkit-margin-end: 0px; display: block; letter-spacing: 0.05em;\">Kontakt<\/span><\/p>\r\n[\/vc_column_text][vc_column_text 0=&#8221;&#8221;]Thurgauerstrasse 40\r\n8050 Oerlikon\r\n\r\n043 811 46 02\r\n<u><a class=\"PrimaryLink BaseLink\" href=\"mailto:zh.thurgauerstrasse@deananddavid.ch\" target=\"_blank\" rel=\"noreferrer noopener\">zh.thurgauerstrasse@deananddavid.ch<\/a><\/u>[\/vc_column_text][\/vc_column][vc_column width=&#8221;1\/3&#8243;][vc_column_text 0=&#8221;&#8221;]\r\n<p style=\"text-align: left;\"><span style=\"color: #666a6b; text-transform: uppercase; font-size: 0.8em; font-family: DINNextLTPro-Medium; font-weight: normal; font-style: normal; margin-top: 0; line-height: 1; -webkit-margin-before: 0.83em; -webkit-margin-after: 0.83em; -webkit-margin-start: 0px; -webkit-margin-end: 0px; display: block; letter-spacing: 0.05em;\">Catering<\/span><\/p>\r\n[\/vc_column_text][vc_btn title=&#8221;JETZT ANFRAGEN&#8221; style=&#8221;custom&#8221; custom_background=&#8221;#72a862&#8243; custom_text=&#8221;#ffffff&#8221; size=&#8221;xs&#8221; link=&#8221;url:https%3A%2F%2Fdeananddavid.com%2Fch-de%2Fcatering%2F|title:Catering&#8221;][vc_column_text 0=&#8221;&#8221;]\r\n<p style=\"text-align: left;\"><span style=\"color: #666a6b; text-transform: uppercase; font-size: 0.8em; font-family: DINNextLTPro-Medium; font-weight: normal; font-style: normal; margin-top: 0; line-height: 1; -webkit-margin-before: 0.83em; -webkit-margin-after: 0.83em; -webkit-margin-start: 0px; -webkit-margin-end: 0px; display: block; letter-spacing: 0.05em;\">DeLIVERY<\/span><\/p>\r\n[\/vc_column_text][vc_btn title=&#8221;JETZT BESTELLEN&#8221; style=&#8221;custom&#8221; custom_background=&#8221;#72a862&#8243; custom_text=&#8221;#ffffff&#8221; size=&#8221;xs&#8221; link=&#8221;url:https%3A%2F%2Fdeananddavid.com%2Fch-de%2Flieferservice%2F|title:Lieferservice&#8221;][\/vc_column][\/vc_row][vc_row 0=&#8221;&#8221;][vc_column 0=&#8221;&#8221;][vc_column_text 0=&#8221;&#8221;]\r\n<p style=\"text-align: left;\"><span style=\"color: #666a6b; text-transform: uppercase; font-size: 0.8em; font-family: DINNextLTPro-Medium; font-weight: normal; font-style: normal; margin-top: 0; line-height: 1; -webkit-margin-before: 0.83em; -webkit-margin-after: 0.83em; -webkit-margin-start: 0px; -webkit-margin-end: 0px; display: block; letter-spacing: 0.05em;\">Unsere Stellenanzeigen<\/span><\/p>\r\n[\/vc_column_text][vc_column_text 0=&#8221;&#8221;]<div class=\"job_listings\" data-location=\"Basel\" data-keywords=\"\" data-show_filters=\"false\" data-show_pagination=\"false\" data-per_page=\"12\" data-orderby=\"featured\" data-order=\"DESC\" data-categories=\"\" data-disable-form-state-storage=\"\" data-featured_first=\"false\" data-post_id=\"77890\" >\t<p class=\"no_job_listings_found\">There are currently no vacancies.<\/p>\n<\/div>[\/vc_column_text][\/vc_column][\/vc_row][vc_row][vc_column][vc_column_text]\r\n\r\n[\/vc_column_text][\/vc_column][\/vc_row]<!-- \/wp:post-content --><\/div>","protected":false},"excerpt":{"rendered":"<p>[vc_row full_width=&#8221;stretch_row&#8221; css=&#8221;.vc_custom_1634828310134{background-image: url(https:\/\/deananddavid.com\/wp-content\/uploads\/2021\/10\/DeanDavidZurich-15.jpg?id=60737) !important;background-position: center !important;background-repeat: no-repeat !important;background-size: cover !important;}&#8221;][vc_column][vc_empty_space height=&#8221;75px&#8221;][vc_column_text] Oerlikon Airgate [\/vc_column_text][vc_empty_space height=&#8221;75px&#8221;][\/vc_column][\/vc_row][vc_row 0=&#8221;&#8221;][vc_column offset=&#8221;vc_hidden-xs&#8221;][vc_single_image image=&#8221;63&#8243; img_size=&#8221;full&#8221; alignment=&#8221;center&#8221; css=&#8221;.vc_custom_1494340432006{margin-top: -100px !important;}&#8221;][vc_icon type=&#8221;entypo&#8221; icon_entypo=&#8221;entypo-icon entypo-icon-down-open&#8221; color=&#8221;custom&#8221; size=&#8221;xl&#8221; align=&#8221;center&#8221; custom_color=&#8221;#666666&#8243; css=&#8221;.vc_custom_1634827380923{margin-top: -100px !important;}&#8221;][\/vc_column][\/vc_row][vc_row 0=&#8221;&#8221;][vc_column][vc_empty_space height=&#8221;15px&#8221;][vc_column_text 0=&#8221;&#8221;]Welcome to dean&amp;david!\u00a0[\/vc_column_text][vc_column_text 0=&#8221;&#8221;]Freuen Sie sich auf die Neuer\u00f6ffnung\u00a0 \u00fcber das Sortiment an frischen Salaten, Bowls, Currys, Suppen und [&hellip;]<\/p>\n","protected":false},"author":24789,"featured_media":0,"parent":59818,"menu_order":0,"comment_status":"closed","ping_status":"closed","template":"page-boxed.php","meta":{"_acf_changed":false,"rs_blank_template":"","rs_page_bg_color":"","slide_template_v7":"","footnotes":""},"class_list":["post-77890","page","type-page","status-publish","hentry"],"acf":[],"yoast_head":"<!-- This site is optimized with the Yoast SEO plugin v27.2 - https:\/\/yoast.com\/product\/yoast-seo-wordpress\/ -->\n<title>Oerlikon Airgate - dean&amp;david<\/title>\n<meta name=\"robots\" content=\"index, follow, max-snippet:-1, max-image-preview:large, max-video-preview:-1\" \/>\n<link rel=\"canonical\" href=\"https:\/\/deananddavid.com\/ch-en\/locations\/oerlikon-airgate\/\" \/>\n<meta property=\"og:locale\" content=\"en_US\" \/>\n<meta property=\"og:type\" content=\"article\" \/>\n<meta property=\"og:title\" content=\"Oerlikon Airgate - dean&amp;david\" \/>\n<meta property=\"og:description\" content=\"[vc_row full_width=&#8221;stretch_row&#8221; css=&#8221;.vc_custom_1634828310134{background-image: url(https:\/\/deananddavid.com\/wp-content\/uploads\/2021\/10\/DeanDavidZurich-15.jpg?id=60737) !important;background-position: center !important;background-repeat: no-repeat !important;background-size: cover !important;}&#8221;][vc_column][vc_empty_space height=&#8221;75px&#8221;][vc_column_text] Oerlikon Airgate [\/vc_column_text][vc_empty_space height=&#8221;75px&#8221;][\/vc_column][\/vc_row][vc_row 0=&#8221;&#8221;][vc_column offset=&#8221;vc_hidden-xs&#8221;][vc_single_image image=&#8221;63&#8243; img_size=&#8221;full&#8221; alignment=&#8221;center&#8221; css=&#8221;.vc_custom_1494340432006{margin-top: -100px !important;}&#8221;][vc_icon type=&#8221;entypo&#8221; icon_entypo=&#8221;entypo-icon entypo-icon-down-open&#8221; color=&#8221;custom&#8221; size=&#8221;xl&#8221; align=&#8221;center&#8221; custom_color=&#8221;#666666&#8243; css=&#8221;.vc_custom_1634827380923{margin-top: -100px !important;}&#8221;][\/vc_column][\/vc_row][vc_row 0=&#8221;&#8221;][vc_column][vc_empty_space height=&#8221;15px&#8221;][vc_column_text 0=&#8221;&#8221;]Welcome to dean&amp;david!\u00a0[\/vc_column_text][vc_column_text 0=&#8221;&#8221;]Freuen Sie sich auf die Neuer\u00f6ffnung\u00a0 \u00fcber das Sortiment an frischen Salaten, Bowls, Currys, Suppen und [&hellip;]\" \/>\n<meta property=\"og:url\" content=\"https:\/\/deananddavid.com\/ch-en\/locations\/oerlikon-airgate\/\" \/>\n<meta property=\"og:site_name\" content=\"dean&amp;david\" \/>\n<meta property=\"article:publisher\" content=\"https:\/\/www.facebook.com\/deananddavid07\" \/>\n<meta property=\"article:modified_time\" content=\"2023-08-07T13:28:22+00:00\" \/>\n<meta name=\"twitter:card\" content=\"summary_large_image\" \/>\n<meta name=\"twitter:label1\" content=\"Est. reading time\" \/>\n\t<meta name=\"twitter:data1\" content=\"2 minutes\" \/>\n<script type=\"application\/ld+json\" class=\"yoast-schema-graph\">{\"@context\":\"https:\/\/schema.org\",\"@graph\":[{\"@type\":\"WebPage\",\"@id\":\"https:\/\/deananddavid.com\/ch-en\/locations\/oerlikon-airgate\/\",\"url\":\"https:\/\/deananddavid.com\/ch-en\/locations\/oerlikon-airgate\/\",\"name\":\"Oerlikon Airgate - dean&amp;david\",\"isPartOf\":{\"@id\":\"https:\/\/deananddavid.com\/ch-en\/#website\"},\"datePublished\":\"2023-08-01T08:22:42+00:00\",\"dateModified\":\"2023-08-07T13:28:22+00:00\",\"breadcrumb\":{\"@id\":\"https:\/\/deananddavid.com\/ch-en\/locations\/oerlikon-airgate\/#breadcrumb\"},\"inLanguage\":\"en-CH\",\"potentialAction\":[{\"@type\":\"ReadAction\",\"target\":[\"https:\/\/deananddavid.com\/ch-en\/locations\/oerlikon-airgate\/\"]}]},{\"@type\":\"BreadcrumbList\",\"@id\":\"https:\/\/deananddavid.com\/ch-en\/locations\/oerlikon-airgate\/#breadcrumb\",\"itemListElement\":[{\"@type\":\"ListItem\",\"position\":1,\"name\":\"Startseite\",\"item\":\"https:\/\/deananddavid.com\/ch-en\/\"},{\"@type\":\"ListItem\",\"position\":2,\"name\":\"Locations\",\"item\":\"https:\/\/deananddavid.com\/ch-en\/locations\/\"},{\"@type\":\"ListItem\",\"position\":3,\"name\":\"Oerlikon Airgate\"}]},{\"@type\":\"WebSite\",\"@id\":\"https:\/\/deananddavid.com\/ch-en\/#website\",\"url\":\"https:\/\/deananddavid.com\/ch-en\/\",\"name\":\"dean&amp;david\",\"description\":\"CHANGE FOR BETTER.\",\"publisher\":{\"@id\":\"https:\/\/deananddavid.com\/ch-en\/#organization\"},\"potentialAction\":[{\"@type\":\"SearchAction\",\"target\":{\"@type\":\"EntryPoint\",\"urlTemplate\":\"https:\/\/deananddavid.com\/ch-en\/?s={search_term_string}\"},\"query-input\":{\"@type\":\"PropertyValueSpecification\",\"valueRequired\":true,\"valueName\":\"search_term_string\"}}],\"inLanguage\":\"en-CH\"},{\"@type\":\"Organization\",\"@id\":\"https:\/\/deananddavid.com\/ch-en\/#organization\",\"name\":\"dean&david\",\"url\":\"https:\/\/deananddavid.com\/ch-en\/\",\"logo\":{\"@type\":\"ImageObject\",\"inLanguage\":\"en-CH\",\"@id\":\"https:\/\/deananddavid.com\/ch-en\/#\/schema\/logo\/image\/\",\"url\":\"https:\/\/deananddavid.com\/wp-content\/uploads\/2017\/04\/deananddavid-superfood.png\",\"contentUrl\":\"https:\/\/deananddavid.com\/wp-content\/uploads\/2017\/04\/deananddavid-superfood.png\",\"width\":150,\"height\":50,\"caption\":\"dean&david\"},\"image\":{\"@id\":\"https:\/\/deananddavid.com\/ch-en\/#\/schema\/logo\/image\/\"},\"sameAs\":[\"https:\/\/www.facebook.com\/deananddavid07\",\"https:\/\/www.instagram.com\/dean_and_david\/\"]}]}<\/script>\n<!-- \/ Yoast SEO plugin. -->","yoast_head_json":{"title":"Oerlikon Airgate - dean&amp;david","robots":{"index":"index","follow":"follow","max-snippet":"max-snippet:-1","max-image-preview":"max-image-preview:large","max-video-preview":"max-video-preview:-1"},"canonical":"https:\/\/deananddavid.com\/ch-en\/locations\/oerlikon-airgate\/","og_locale":"en_US","og_type":"article","og_title":"Oerlikon Airgate - dean&amp;david","og_description":"[vc_row full_width=&#8221;stretch_row&#8221; css=&#8221;.vc_custom_1634828310134{background-image: url(https:\/\/deananddavid.com\/wp-content\/uploads\/2021\/10\/DeanDavidZurich-15.jpg?id=60737) !important;background-position: center !important;background-repeat: no-repeat !important;background-size: cover !important;}&#8221;][vc_column][vc_empty_space height=&#8221;75px&#8221;][vc_column_text] Oerlikon Airgate [\/vc_column_text][vc_empty_space height=&#8221;75px&#8221;][\/vc_column][\/vc_row][vc_row 0=&#8221;&#8221;][vc_column offset=&#8221;vc_hidden-xs&#8221;][vc_single_image image=&#8221;63&#8243; img_size=&#8221;full&#8221; alignment=&#8221;center&#8221; css=&#8221;.vc_custom_1494340432006{margin-top: -100px !important;}&#8221;][vc_icon type=&#8221;entypo&#8221; icon_entypo=&#8221;entypo-icon entypo-icon-down-open&#8221; color=&#8221;custom&#8221; size=&#8221;xl&#8221; align=&#8221;center&#8221; custom_color=&#8221;#666666&#8243; css=&#8221;.vc_custom_1634827380923{margin-top: -100px !important;}&#8221;][\/vc_column][\/vc_row][vc_row 0=&#8221;&#8221;][vc_column][vc_empty_space height=&#8221;15px&#8221;][vc_column_text 0=&#8221;&#8221;]Welcome to dean&amp;david!\u00a0[\/vc_column_text][vc_column_text 0=&#8221;&#8221;]Freuen Sie sich auf die Neuer\u00f6ffnung\u00a0 \u00fcber das Sortiment an frischen Salaten, Bowls, Currys, Suppen und [&hellip;]","og_url":"https:\/\/deananddavid.com\/ch-en\/locations\/oerlikon-airgate\/","og_site_name":"dean&amp;david","article_publisher":"https:\/\/www.facebook.com\/deananddavid07","article_modified_time":"2023-08-07T13:28:22+00:00","twitter_card":"summary_large_image","twitter_misc":{"Est. reading time":"2 minutes"},"schema":{"@context":"https:\/\/schema.org","@graph":[{"@type":"WebPage","@id":"https:\/\/deananddavid.com\/ch-en\/locations\/oerlikon-airgate\/","url":"https:\/\/deananddavid.com\/ch-en\/locations\/oerlikon-airgate\/","name":"Oerlikon Airgate - dean&amp;david","isPartOf":{"@id":"https:\/\/deananddavid.com\/ch-en\/#website"},"datePublished":"2023-08-01T08:22:42+00:00","dateModified":"2023-08-07T13:28:22+00:00","breadcrumb":{"@id":"https:\/\/deananddavid.com\/ch-en\/locations\/oerlikon-airgate\/#breadcrumb"},"inLanguage":"en-CH","potentialAction":[{"@type":"ReadAction","target":["https:\/\/deananddavid.com\/ch-en\/locations\/oerlikon-airgate\/"]}]},{"@type":"BreadcrumbList","@id":"https:\/\/deananddavid.com\/ch-en\/locations\/oerlikon-airgate\/#breadcrumb","itemListElement":[{"@type":"ListItem","position":1,"name":"Startseite","item":"https:\/\/deananddavid.com\/ch-en\/"},{"@type":"ListItem","position":2,"name":"Locations","item":"https:\/\/deananddavid.com\/ch-en\/locations\/"},{"@type":"ListItem","position":3,"name":"Oerlikon Airgate"}]},{"@type":"WebSite","@id":"https:\/\/deananddavid.com\/ch-en\/#website","url":"https:\/\/deananddavid.com\/ch-en\/","name":"dean&amp;david","description":"CHANGE FOR BETTER.","publisher":{"@id":"https:\/\/deananddavid.com\/ch-en\/#organization"},"potentialAction":[{"@type":"SearchAction","target":{"@type":"EntryPoint","urlTemplate":"https:\/\/deananddavid.com\/ch-en\/?s={search_term_string}"},"query-input":{"@type":"PropertyValueSpecification","valueRequired":true,"valueName":"search_term_string"}}],"inLanguage":"en-CH"},{"@type":"Organization","@id":"https:\/\/deananddavid.com\/ch-en\/#organization","name":"dean&david","url":"https:\/\/deananddavid.com\/ch-en\/","logo":{"@type":"ImageObject","inLanguage":"en-CH","@id":"https:\/\/deananddavid.com\/ch-en\/#\/schema\/logo\/image\/","url":"https:\/\/deananddavid.com\/wp-content\/uploads\/2017\/04\/deananddavid-superfood.png","contentUrl":"https:\/\/deananddavid.com\/wp-content\/uploads\/2017\/04\/deananddavid-superfood.png","width":150,"height":50,"caption":"dean&david"},"image":{"@id":"https:\/\/deananddavid.com\/ch-en\/#\/schema\/logo\/image\/"},"sameAs":["https:\/\/www.facebook.com\/deananddavid07","https:\/\/www.instagram.com\/dean_and_david\/"]}]}},"_links":{"self":[{"href":"https:\/\/deananddavid.com\/ch-en\/wp-json\/wp\/v2\/pages\/77890","targetHints":{"allow":["GET"]}}],"collection":[{"href":"https:\/\/deananddavid.com\/ch-en\/wp-json\/wp\/v2\/pages"}],"about":[{"href":"https:\/\/deananddavid.com\/ch-en\/wp-json\/wp\/v2\/types\/page"}],"author":[{"embeddable":true,"href":"https:\/\/deananddavid.com\/ch-en\/wp-json\/wp\/v2\/users\/24789"}],"replies":[{"embeddable":true,"href":"https:\/\/deananddavid.com\/ch-en\/wp-json\/wp\/v2\/comments?post=77890"}],"version-history":[{"count":2,"href":"https:\/\/deananddavid.com\/ch-en\/wp-json\/wp\/v2\/pages\/77890\/revisions"}],"predecessor-version":[{"id":77892,"href":"https:\/\/deananddavid.com\/ch-en\/wp-json\/wp\/v2\/pages\/77890\/revisions\/77892"}],"up":[{"embeddable":true,"href":"https:\/\/deananddavid.com\/ch-en\/wp-json\/wp\/v2\/pages\/59818"}],"wp:attachment":[{"href":"https:\/\/deananddavid.com\/ch-en\/wp-json\/wp\/v2\/media?parent=77890"}],"curies":[{"name":"wp","href":"https:\/\/api.w.org\/{rel}","templated":true}]}}