{"id":53054,"date":"2021-05-27T17:21:18","date_gmt":"2021-05-27T15:21:18","guid":{"rendered":"https:\/\/deananddavid.com\/muenchen-flughafen\/"},"modified":"2023-01-26T14:51:39","modified_gmt":"2023-01-26T13:51:39","slug":"airport-muenchen","status":"publish","type":"page","link":"https:\/\/deananddavid.com\/en\/airport-muenchen\/","title":{"rendered":"Airport M\u00fcnchen"},"content":{"rendered":"<div class=\"wpb-content-wrapper\"><p>[vc_row full_width=&#8221;stretch_row&#8221; css=&#8221;.vc_custom_1494343030001{background-image: url(https:\/\/deananddavid.com\/wp-content\/uploads\/2017\/03\/DeanDavidZurich-15.jpg?id=1101) !important;background-position: center !important;background-repeat: no-repeat !important;background-size: cover !important;}&#8221;][vc_column][vc_empty_space height=&#8221;75px&#8221;][vc_column_text]<\/p>\n<p style=\"text-align: center;\"><span style=\"color: #ffffff; text-shadow: 0 0 30px #000; letter-spacing: 0.05em; font-weight: normal; font-style: normal; font-size: 2.5em; line-height: 1.2; margin-bottom: 15px; font-family: TheHandBlack;\">Airport<br \/>\n<\/span><span style=\"color: #ffffff; text-transform: uppercase; font-family: DINNextLTPro-Medium; font-size: 2em; font-weight: normal; font-style: normal; line-height: 1.2; text-shadow: 0 0 30px #000;\">M\u00fcnchen<\/span><\/p>\n<p>[\/vc_column_text][vc_empty_space height=&#8221;75px&#8221;][\/vc_column][\/vc_row][vc_row][vc_column offset=&#8221;vc_hidden-xs&#8221;][vc_single_image image=&#8221;7233&#8243; img_size=&#8221;full&#8221; alignment=&#8221;center&#8221; css=&#8221;.vc_custom_1494343051069{margin-top: -100px !important;}&#8221;][vc_icon type=&#8221;entypo&#8221; icon_entypo=&#8221;entypo-icon entypo-icon-down-open-big&#8221; color=&#8221;custom&#8221; size=&#8221;lg&#8221; align=&#8221;center&#8221; custom_color=&#8221;#666666&#8243; css=&#8221;.vc_custom_1620397993004{margin-top: -100px !important;}&#8221;][\/vc_column][\/vc_row][vc_row][vc_column width=&#8221;1\/3&#8243;][vc_empty_space][vc_empty_space height=&#8221;266px&#8221; css=&#8221;.vc_custom_1648546097437{background-image: url(https:\/\/deananddavid.com\/wp-content\/uploads\/2022\/03\/Mitarbeiterbild.jpg?id=63638) !important;background-position: center !important;background-repeat: no-repeat !important;background-size: contain !important;}&#8221;][\/vc_column][vc_column width=&#8221;2\/3&#8243;][vc_empty_space height=&#8221;15px&#8221;][vc_column_text]<span style=\"color: #72a862; font-weight: normal; font-style: normal; letter-spacing: 0.05em; font-size: 1.8em; line-height: 1.4em; font-family: TheHandBlack;\">Welcome at dean&amp;david!<\/span>[\/vc_column_text][vc_column_text]dean&amp;david is known for freshness, quality and responsibility &#8211; for healthy food, high-quality ingredients and sustainable nutrition. Lovers of fresh salads, bowls, sandwiches &amp; more can look forward to food &amp; drinks at dean&amp;david that not only taste good, but also feel good &#8211; completely without flavour enhancers and artificial colourings. Simply enjoy carefree, true to the motto: <strong>CHANGE FOR BETTER.<\/strong><\/p>\n<p>Discover dean&amp;david in your city now. The store is located right at Munich Airport (MUC).[\/vc_column_text][vc_column_text][\/vc_column_text][\/vc_column][\/vc_row][vc_row][vc_column][vc_empty_space height=&#8221;50px&#8221;][\/vc_column][\/vc_row][vc_row][vc_column width=&#8221;1\/4&#8243;][vc_column_text]<\/p>\n<p style=\"text-align: left;\"><span style=\"color: #666a6b; text-transform: uppercase; font-size: 0.8em; font-family: DINNextLTPro-Medium; font-weight: normal; font-style: normal; margin-top: 0; line-height: 1; -webkit-margin-before: 0.83em; -webkit-margin-after: 0.83em; -webkit-margin-start: 0px; -webkit-margin-end: 0px; display: block; letter-spacing: 0.05em;\">Opening Hours<\/span><\/p>\n<p>[\/vc_column_text][vc_raw_html]JTNDZGl2JTIwaWQlM0QlMjJvcGVuaW5nSG91cnNIZXJlJTIyJTIwZGF0YS1wbGFjZS1pZCUzRCUyMkNoSUpoNDNtR1RnVG5rY1JDNGY2TFdLLXl4YyUyMiUzRSUzQyUyRmRpdiUzRQ==[\/vc_raw_html][vc_btn title=&#8221;OPEN IN GOOGLE MAPS&#8221; style=&#8221;custom&#8221; custom_background=&#8221;#72a862&#8243; custom_text=&#8221;#ffffff&#8221; size=&#8221;xs&#8221; link=&#8221;url:https%3A%2F%2Fwww.google.com%2Fmaps%2Fplace%2Fdean%2526david%2F%4048.3539348%2C11.7851511%2C17z%2Fdata%3D%213m1%214b1%214m5%213m4%211s0x479e133819e68d87%3A0x17cbbe622dfa870b%218m2%213d48.3539313%214d11.7873398|target:_blank|rel:nofollow|&#8221;][\/vc_column][vc_column width=&#8221;1\/4&#8243;][vc_column_text]<\/p>\n<p style=\"text-align: left;\"><span style=\"color: #666a6b; text-transform: uppercase; font-size: 0.8em; font-family: DINNextLTPro-Medium; font-weight: normal; font-style: normal; margin-top: 0; line-height: 1; -webkit-margin-before: 0.83em; -webkit-margin-after: 0.83em; -webkit-margin-start: 0px; -webkit-margin-end: 0px; display: block; letter-spacing: 0.05em;\">Contact<\/span><\/p>\n<p>[\/vc_column_text][vc_column_text]Allresto Gastst\u00e4tten GmbH (dean&amp;david Flughafen M\u00fcnchen)<br \/>\nTerminalstra\u00dfe Mitte 18<br \/>\n85356 M\u00fcnchen<br \/>\n[\/vc_column_text][\/vc_column][vc_column width=&#8221;1\/4&#8243;][vc_column_text]<\/p>\n<p style=\"text-align: left;\"><span style=\"color: #666a6b; text-transform: uppercase; font-size: 0.8em; font-family: DINNextLTPro-Medium; font-weight: normal; font-style: normal; margin-top: 0; line-height: 1; -webkit-margin-before: 0.83em; -webkit-margin-after: 0.83em; -webkit-margin-start: 0px; -webkit-margin-end: 0px; display: block; letter-spacing: 0.05em;\">Delivery Service<\/span><\/p>\n<p>[\/vc_column_text][vc_column_text]Currently no delivery service.[\/vc_column_text][\/vc_column][vc_column width=&#8221;1\/4&#8243;][vc_column_text]<\/p>\n<p style=\"text-align: left;\"><span style=\"color: #666a6b; text-transform: uppercase; font-size: 0.8em; font-family: DINNextLTPro-Medium; font-weight: normal; font-style: normal; margin-top: 0; line-height: 1; -webkit-margin-before: 0.83em; -webkit-margin-after: 0.83em; -webkit-margin-start: 0px; -webkit-margin-end: 0px; display: block; letter-spacing: 0.05em;\">Catering<\/span><\/p>\n<p>[\/vc_column_text][vc_column_text]Currently no catering.[\/vc_column_text][\/vc_column][\/vc_row][vc_row][vc_column][\/vc_column][\/vc_row]<\/p>\n<\/div>","protected":false},"excerpt":{"rendered":"<p>[vc_row full_width=&#8221;stretch_row&#8221; css=&#8221;.vc_custom_1494343030001{background-image: url(https:\/\/deananddavid.com\/wp-content\/uploads\/2017\/03\/DeanDavidZurich-15.jpg?id=1101) !important;background-position: center !important;background-repeat: no-repeat !important;background-size: cover !important;}&#8221;][vc_column][vc_empty_space height=&#8221;75px&#8221;][vc_column_text] Airport M\u00fcnchen [\/vc_column_text][vc_empty_space height=&#8221;75px&#8221;][\/vc_column][\/vc_row][vc_row][vc_column offset=&#8221;vc_hidden-xs&#8221;][vc_single_image image=&#8221;7233&#8243; img_size=&#8221;full&#8221; alignment=&#8221;center&#8221; css=&#8221;.vc_custom_1494343051069{margin-top: -100px !important;}&#8221;][vc_icon type=&#8221;entypo&#8221; icon_entypo=&#8221;entypo-icon entypo-icon-down-open-big&#8221; color=&#8221;custom&#8221; size=&#8221;lg&#8221; align=&#8221;center&#8221; custom_color=&#8221;#666666&#8243; css=&#8221;.vc_custom_1620397993004{margin-top: -100px !important;}&#8221;][\/vc_column][\/vc_row][vc_row][vc_column width=&#8221;1\/3&#8243;][vc_empty_space][vc_empty_space height=&#8221;266px&#8221; css=&#8221;.vc_custom_1648546097437{background-image: url(https:\/\/deananddavid.com\/wp-content\/uploads\/2022\/03\/Mitarbeiterbild.jpg?id=63638) !important;background-position: center !important;background-repeat: no-repeat !important;background-size: contain !important;}&#8221;][\/vc_column][vc_column width=&#8221;2\/3&#8243;][vc_empty_space height=&#8221;15px&#8221;][vc_column_text]Welcome at dean&amp;david![\/vc_column_text][vc_column_text]dean&amp;david is known for freshness, quality and responsibility [&hellip;]<\/p>\n","protected":false},"author":5,"featured_media":0,"parent":0,"menu_order":0,"comment_status":"closed","ping_status":"closed","template":"page-boxed.php","meta":{"_acf_changed":false,"rs_blank_template":"","rs_page_bg_color":"","slide_template_v7":"","footnotes":""},"class_list":["post-53054","page","type-page","status-publish","hentry"],"acf":[],"yoast_head":"<!-- This site is optimized with the Yoast SEO plugin v27.2 - https:\/\/yoast.com\/product\/yoast-seo-wordpress\/ -->\n<title>Airport M\u00fcnchen - dean&amp;david - Essen bestellen in M\u00fcnchen<\/title>\n<meta name=\"description\" content=\"Salate &amp; Bowls in M\u00fcnchen Schwabing mit der dean&amp;david App bestellen und ohne Warten genie\u00dfen - oder im dean&amp;david Lieferservice gratis liefern lassen.\" \/>\n<meta name=\"robots\" content=\"index, follow, max-snippet:-1, max-image-preview:large, max-video-preview:-1\" \/>\n<link rel=\"canonical\" href=\"https:\/\/deananddavid.com\/en\/airport-muenchen\/\" \/>\n<meta property=\"og:locale\" content=\"en_US\" \/>\n<meta property=\"og:type\" content=\"article\" \/>\n<meta property=\"og:title\" content=\"Airport M\u00fcnchen - dean&amp;david - Essen bestellen in M\u00fcnchen\" \/>\n<meta property=\"og:description\" content=\"Salate &amp; Bowls in M\u00fcnchen Schwabing mit der dean&amp;david App bestellen und ohne Warten genie\u00dfen - oder im dean&amp;david Lieferservice gratis liefern lassen.\" \/>\n<meta property=\"og:url\" content=\"https:\/\/deananddavid.com\/en\/airport-muenchen\/\" \/>\n<meta property=\"og:site_name\" content=\"dean&amp;david\" \/>\n<meta property=\"article:publisher\" content=\"https:\/\/www.facebook.com\/deananddavid07\" \/>\n<meta property=\"article:modified_time\" content=\"2023-01-26T13:51:39+00:00\" \/>\n<meta name=\"twitter:card\" content=\"summary_large_image\" \/>\n<meta name=\"twitter:label1\" content=\"Est. reading time\" \/>\n\t<meta name=\"twitter:data1\" content=\"1 minute\" \/>\n<script type=\"application\/ld+json\" class=\"yoast-schema-graph\">{\"@context\":\"https:\/\/schema.org\",\"@graph\":[{\"@type\":\"WebPage\",\"@id\":\"https:\/\/deananddavid.com\/en\/airport-muenchen\/\",\"url\":\"https:\/\/deananddavid.com\/en\/airport-muenchen\/\",\"name\":\"Airport M\u00fcnchen - dean&amp;david - Essen bestellen in M\u00fcnchen\",\"isPartOf\":{\"@id\":\"https:\/\/deananddavid.com\/en\/#website\"},\"datePublished\":\"2021-05-27T15:21:18+00:00\",\"dateModified\":\"2023-01-26T13:51:39+00:00\",\"description\":\"Salate & Bowls in M\u00fcnchen Schwabing mit der dean&david App bestellen und ohne Warten genie\u00dfen - oder im dean&david Lieferservice gratis liefern lassen.\",\"breadcrumb\":{\"@id\":\"https:\/\/deananddavid.com\/en\/airport-muenchen\/#breadcrumb\"},\"inLanguage\":\"en-US\",\"potentialAction\":[{\"@type\":\"ReadAction\",\"target\":[\"https:\/\/deananddavid.com\/en\/airport-muenchen\/\"]}]},{\"@type\":\"BreadcrumbList\",\"@id\":\"https:\/\/deananddavid.com\/en\/airport-muenchen\/#breadcrumb\",\"itemListElement\":[{\"@type\":\"ListItem\",\"position\":1,\"name\":\"Startseite\",\"item\":\"https:\/\/deananddavid.com\/en\/\"},{\"@type\":\"ListItem\",\"position\":2,\"name\":\"Airport M\u00fcnchen\"}]},{\"@type\":\"WebSite\",\"@id\":\"https:\/\/deananddavid.com\/en\/#website\",\"url\":\"https:\/\/deananddavid.com\/en\/\",\"name\":\"dean&amp;david\",\"description\":\"CHANGE FOR BETTER.\",\"publisher\":{\"@id\":\"https:\/\/deananddavid.com\/en\/#organization\"},\"potentialAction\":[{\"@type\":\"SearchAction\",\"target\":{\"@type\":\"EntryPoint\",\"urlTemplate\":\"https:\/\/deananddavid.com\/en\/?s={search_term_string}\"},\"query-input\":{\"@type\":\"PropertyValueSpecification\",\"valueRequired\":true,\"valueName\":\"search_term_string\"}}],\"inLanguage\":\"en-US\"},{\"@type\":\"Organization\",\"@id\":\"https:\/\/deananddavid.com\/en\/#organization\",\"name\":\"dean&david\",\"url\":\"https:\/\/deananddavid.com\/en\/\",\"logo\":{\"@type\":\"ImageObject\",\"inLanguage\":\"en-US\",\"@id\":\"https:\/\/deananddavid.com\/en\/#\/schema\/logo\/image\/\",\"url\":\"https:\/\/deananddavid.com\/wp-content\/uploads\/2017\/04\/deananddavid-superfood.png\",\"contentUrl\":\"https:\/\/deananddavid.com\/wp-content\/uploads\/2017\/04\/deananddavid-superfood.png\",\"width\":150,\"height\":50,\"caption\":\"dean&david\"},\"image\":{\"@id\":\"https:\/\/deananddavid.com\/en\/#\/schema\/logo\/image\/\"},\"sameAs\":[\"https:\/\/www.facebook.com\/deananddavid07\",\"https:\/\/www.instagram.com\/dean_and_david\/\"]}]}<\/script>\n<!-- \/ Yoast SEO plugin. -->","yoast_head_json":{"title":"Airport M\u00fcnchen - dean&amp;david - Essen bestellen in M\u00fcnchen","description":"Salate & Bowls in M\u00fcnchen Schwabing mit der dean&david App bestellen und ohne Warten genie\u00dfen - oder im dean&david Lieferservice gratis liefern lassen.","robots":{"index":"index","follow":"follow","max-snippet":"max-snippet:-1","max-image-preview":"max-image-preview:large","max-video-preview":"max-video-preview:-1"},"canonical":"https:\/\/deananddavid.com\/en\/airport-muenchen\/","og_locale":"en_US","og_type":"article","og_title":"Airport M\u00fcnchen - dean&amp;david - Essen bestellen in M\u00fcnchen","og_description":"Salate & Bowls in M\u00fcnchen Schwabing mit der dean&david App bestellen und ohne Warten genie\u00dfen - oder im dean&david Lieferservice gratis liefern lassen.","og_url":"https:\/\/deananddavid.com\/en\/airport-muenchen\/","og_site_name":"dean&amp;david","article_publisher":"https:\/\/www.facebook.com\/deananddavid07","article_modified_time":"2023-01-26T13:51:39+00:00","twitter_card":"summary_large_image","twitter_misc":{"Est. reading time":"1 minute"},"schema":{"@context":"https:\/\/schema.org","@graph":[{"@type":"WebPage","@id":"https:\/\/deananddavid.com\/en\/airport-muenchen\/","url":"https:\/\/deananddavid.com\/en\/airport-muenchen\/","name":"Airport M\u00fcnchen - dean&amp;david - Essen bestellen in M\u00fcnchen","isPartOf":{"@id":"https:\/\/deananddavid.com\/en\/#website"},"datePublished":"2021-05-27T15:21:18+00:00","dateModified":"2023-01-26T13:51:39+00:00","description":"Salate & Bowls in M\u00fcnchen Schwabing mit der dean&david App bestellen und ohne Warten genie\u00dfen - oder im dean&david Lieferservice gratis liefern lassen.","breadcrumb":{"@id":"https:\/\/deananddavid.com\/en\/airport-muenchen\/#breadcrumb"},"inLanguage":"en-US","potentialAction":[{"@type":"ReadAction","target":["https:\/\/deananddavid.com\/en\/airport-muenchen\/"]}]},{"@type":"BreadcrumbList","@id":"https:\/\/deananddavid.com\/en\/airport-muenchen\/#breadcrumb","itemListElement":[{"@type":"ListItem","position":1,"name":"Startseite","item":"https:\/\/deananddavid.com\/en\/"},{"@type":"ListItem","position":2,"name":"Airport M\u00fcnchen"}]},{"@type":"WebSite","@id":"https:\/\/deananddavid.com\/en\/#website","url":"https:\/\/deananddavid.com\/en\/","name":"dean&amp;david","description":"CHANGE FOR BETTER.","publisher":{"@id":"https:\/\/deananddavid.com\/en\/#organization"},"potentialAction":[{"@type":"SearchAction","target":{"@type":"EntryPoint","urlTemplate":"https:\/\/deananddavid.com\/en\/?s={search_term_string}"},"query-input":{"@type":"PropertyValueSpecification","valueRequired":true,"valueName":"search_term_string"}}],"inLanguage":"en-US"},{"@type":"Organization","@id":"https:\/\/deananddavid.com\/en\/#organization","name":"dean&david","url":"https:\/\/deananddavid.com\/en\/","logo":{"@type":"ImageObject","inLanguage":"en-US","@id":"https:\/\/deananddavid.com\/en\/#\/schema\/logo\/image\/","url":"https:\/\/deananddavid.com\/wp-content\/uploads\/2017\/04\/deananddavid-superfood.png","contentUrl":"https:\/\/deananddavid.com\/wp-content\/uploads\/2017\/04\/deananddavid-superfood.png","width":150,"height":50,"caption":"dean&david"},"image":{"@id":"https:\/\/deananddavid.com\/en\/#\/schema\/logo\/image\/"},"sameAs":["https:\/\/www.facebook.com\/deananddavid07","https:\/\/www.instagram.com\/dean_and_david\/"]}]}},"_links":{"self":[{"href":"https:\/\/deananddavid.com\/en\/wp-json\/wp\/v2\/pages\/53054","targetHints":{"allow":["GET"]}}],"collection":[{"href":"https:\/\/deananddavid.com\/en\/wp-json\/wp\/v2\/pages"}],"about":[{"href":"https:\/\/deananddavid.com\/en\/wp-json\/wp\/v2\/types\/page"}],"author":[{"embeddable":true,"href":"https:\/\/deananddavid.com\/en\/wp-json\/wp\/v2\/users\/5"}],"replies":[{"embeddable":true,"href":"https:\/\/deananddavid.com\/en\/wp-json\/wp\/v2\/comments?post=53054"}],"version-history":[{"count":6,"href":"https:\/\/deananddavid.com\/en\/wp-json\/wp\/v2\/pages\/53054\/revisions"}],"predecessor-version":[{"id":74716,"href":"https:\/\/deananddavid.com\/en\/wp-json\/wp\/v2\/pages\/53054\/revisions\/74716"}],"wp:attachment":[{"href":"https:\/\/deananddavid.com\/en\/wp-json\/wp\/v2\/media?parent=53054"}],"curies":[{"name":"wp","href":"https:\/\/api.w.org\/{rel}","templated":true}]}}