{"id":63584,"date":"2022-04-08T16:32:41","date_gmt":"2022-04-08T14:32:41","guid":{"rendered":"https:\/\/deananddavid.com\/?page_id=63584"},"modified":"2022-04-08T16:32:41","modified_gmt":"2022-04-08T14:32:41","slug":"city-galerie-aschaffenburg-2","status":"publish","type":"page","link":"https:\/\/deananddavid.com\/en\/city-galerie-aschaffenburg-2\/","title":{"rendered":"City Galerie Aschaffenburg"},"content":{"rendered":"<div class=\"wpb-content-wrapper\"><p>[vc_row full_width=&#8221;stretch_row&#8221; css=&#8221;.vc_custom_1494233748796{background-image: url(https:\/\/deananddavid.com\/wp-content\/uploads\/2017\/03\/DeanDavidZurich-15.jpg?id=1101) !important;background-position: center !important;background-repeat: no-repeat !important;background-size: cover !important;}&#8221;][vc_column][vc_empty_space height=&#8221;75px&#8221;][vc_column_text]<\/p>\n<p style=\"text-align: center;\"><span style=\"color: #ffffff; text-shadow: 0 0 30px #000; letter-spacing: 0.05em; font-weight: normal; font-style: normal; font-size: 2.5em; line-height: 1.2; margin-bottom: 15px; font-family: TheHandBlack;\">City Galerie<\/span><br \/>\n<span style=\"color: #ffffff; text-transform: uppercase; font-family: DINNextLTPro-Medium; font-size: 2em; font-weight: normal; font-style: normal; line-height: 1.2; text-shadow: 0 0 30px #000;\">Aschaffenburg<\/span><\/p>\n<p>[\/vc_column_text][vc_empty_space height=&#8221;75px&#8221;][\/vc_column][\/vc_row][vc_row][vc_column offset=&#8221;vc_hidden-xs&#8221;][vc_single_image image=&#8221;7233&#8243; img_size=&#8221;full&#8221; alignment=&#8221;center&#8221; css=&#8221;.vc_custom_1494233769801{margin-top: -100px !important;}&#8221;][vc_icon type=&#8221;entypo&#8221; icon_entypo=&#8221;entypo-icon entypo-icon-down-open-big&#8221; color=&#8221;custom&#8221; size=&#8221;lg&#8221; align=&#8221;center&#8221; custom_color=&#8221;#666666&#8243; css=&#8221;.vc_custom_1619775818930{margin-top: -100px !important;}&#8221;][\/vc_column][\/vc_row][vc_row][vc_column width=&#8221;1\/3&#8243;][vc_empty_space][vc_empty_space height=&#8221;266px&#8221; css=&#8221;.vc_custom_1494233792011{background-image: url(https:\/\/deananddavid.com\/wp-content\/uploads\/2017\/03\/karriere_avatar.jpg?id=170) !important;background-position: center !important;background-repeat: no-repeat !important;background-size: contain !important;}&#8221;][\/vc_column][vc_column width=&#8221;2\/3&#8243;][vc_empty_space height=&#8221;15px&#8221;][vc_column_text]<span style=\"color: #72a862; font-weight: normal; font-style: normal; letter-spacing: 0.05em; font-size: 1.8em; line-height: 1.4em; font-family: TheHandBlack;\">Willkommen bei dean&amp;david!<\/span>[\/vc_column_text][vc_column_text]<\/p>\n<div class=\"wpb_text_column wpb_content_element \">\n<div class=\"wpb_wrapper\">\n<p>Unsere Mission ist kompromisslose Frische. Dabei verarbeiten wir sorgf\u00e4ltig ausgew\u00e4hlte, frische, nat\u00fcrliche und qualitativ hochwertige Zutaten, die keine Geschmacksverst\u00e4rker, Farb- oder Konservierungsstoffe enthalten \u2013 einfaches, gesundes und von Hand zubereitetes Essen!<\/p>\n<\/div>\n<\/div>\n<div class=\"wpb_text_column wpb_content_element \">\n<div class=\"wpb_wrapper\">\n<p>Wusstest Du schon, dass der Gr\u00fcnder David Baumgartner den ersten dean&amp;david 2007 an der M\u00fcnchner Uni er\u00f6ffnet hat?<br \/>\nSeitdem er\u00f6ffnet er zusammen mit lokalen Partnern, die seine\u00a0Leidenschaft f\u00fcr frische und gesunde Ern\u00e4hrung teilen, flei\u00dfig Frische-Manufakturen.<\/p>\n<\/div>\n<\/div>\n<p>[\/vc_column_text][vc_column_text][\/vc_column_text][vc_column_text][\/vc_column_text][\/vc_column][\/vc_row][vc_row][vc_column][vc_empty_space height=&#8221;50px&#8221;][\/vc_column][\/vc_row][vc_row][vc_column width=&#8221;1\/4&#8243;][vc_column_text]<\/p>\n<p style=\"text-align: left;\"><span style=\"color: #666a6b; text-transform: uppercase; font-size: 0.8em; font-family: DINNextLTPro-Medium; font-weight: normal; font-style: normal; margin-top: 0; line-height: 1; -webkit-margin-before: 0.83em; -webkit-margin-after: 0.83em; -webkit-margin-start: 0px; -webkit-margin-end: 0px; display: block; letter-spacing: 0.05em;\">\u00d6ffnungszeiten<\/span><\/p>\n<p>[\/vc_column_text][vc_raw_html]PGRpdiBpZD0ib3BlbmluZ0hvdXJzSGVyZSIgZGF0YS1wbGFjZS1pZD0iQ2hJSkFRQUF2UHhIdlVjUlNGZkt0Um1MWGxzIj48L2Rpdj4=[\/vc_raw_html][vc_btn title=&#8221;GOOGLE MAPS&#8221; style=&#8221;custom&#8221; custom_background=&#8221;#72a862&#8243; custom_text=&#8221;#ffffff&#8221; size=&#8221;xs&#8221; link=&#8221;url:https%3A%2F%2Fwww.google.com%2Fmaps%2Fplace%2Fdean%2526david%2F%4049.9773381%2C9.1480551%2C17z%2Fdata%3D%213m1%214b1%214m5%213m4%211s0x47bd47fcbc000001%3A0x5b5e8b19b5ca5748%218m2%213d49.9773347%214d9.1502438|target:_blank|rel:nofollow|&#8221;][\/vc_column][vc_column width=&#8221;1\/4&#8243;][vc_column_text]<\/p>\n<p style=\"text-align: left;\"><span style=\"color: #666a6b; text-transform: uppercase; font-size: 0.8em; font-family: DINNextLTPro-Medium; font-weight: normal; font-style: normal; margin-top: 0; line-height: 1; -webkit-margin-before: 0.83em; -webkit-margin-after: 0.83em; -webkit-margin-start: 0px; -webkit-margin-end: 0px; display: block; letter-spacing: 0.05em;\">Kontakt<\/span><\/p>\n<p>[\/vc_column_text][vc_column_text]dean&amp;david AB City Galerie GmbH<br \/>\nGoldbacher Strasse 2<br \/>\n63739 Aschaffenburg<\/p>\n<p>+49 6021 369 05 43<br \/>\naschaffenburg.citygalerie@deananddavid.com[\/vc_column_text][\/vc_column][vc_column width=&#8221;1\/4&#8243;][vc_column_text]<\/p>\n<p style=\"text-align: left;\"><span style=\"color: #666a6b; text-transform: uppercase; font-size: 0.8em; font-family: DINNextLTPro-Medium; font-weight: normal; font-style: normal; margin-top: 0; line-height: 1; -webkit-margin-before: 0.83em; -webkit-margin-after: 0.83em; -webkit-margin-start: 0px; -webkit-margin-end: 0px; display: block; letter-spacing: 0.05em;\">Lieferservice<\/span><\/p>\n<p>[\/vc_column_text][vc_btn title=&#8221;ORDER NOW&#8221; style=&#8221;custom&#8221; custom_background=&#8221;#72a862&#8243; custom_text=&#8221;#ffffff&#8221; size=&#8221;xs&#8221; link=&#8221;url:https%3A%2F%2Forder.deananddavid.com%2Fen%2F|target:_blank|rel:nofollow|&#8221;][\/vc_column][vc_column width=&#8221;1\/4&#8243;][vc_column_text]<\/p>\n<p style=\"text-align: left;\"><span style=\"color: #666a6b; text-transform: uppercase; font-size: 0.8em; font-family: DINNextLTPro-Medium; font-weight: normal; font-style: normal; margin-top: 0; line-height: 1; -webkit-margin-before: 0.83em; -webkit-margin-after: 0.83em; -webkit-margin-start: 0px; -webkit-margin-end: 0px; display: block; letter-spacing: 0.05em;\">Catering<\/span><\/p>\n<p>[\/vc_column_text][vc_column_text]No\u00a0Catering.[\/vc_column_text][\/vc_column][\/vc_row][vc_row][vc_column][vc_column_text]<\/p>\n<p style=\"text-align: left;\"><span style=\"color: #666a6b; text-transform: uppercase; font-size: 0.8em; font-family: DINNextLTPro-Medium; font-weight: normal; font-style: normal; margin-top: 0; line-height: 1; -webkit-margin-before: 0.83em; -webkit-margin-after: 0.83em; -webkit-margin-start: 0px; -webkit-margin-end: 0px; display: block; letter-spacing: 0.05em;\">Unsere Stellenanzeigen<\/span><\/p>\n<p>[\/vc_column_text][vc_column_text]<div class=\"job_listings\" data-location=\"Aschaffenburg City Galerie\" data-keywords=\"\" data-show_filters=\"false\" data-show_pagination=\"false\" data-per_page=\"12\" data-orderby=\"featured\" data-order=\"DESC\" data-categories=\"\" data-disable-form-state-storage=\"\" data-featured_first=\"false\" data-post_id=\"63584\" >\t<p class=\"no_job_listings_found\">There are currently no vacancies.<\/p>\n<\/div>[\/vc_column_text][\/vc_column][\/vc_row]<\/p>\n<\/div>","protected":false},"excerpt":{"rendered":"<p>[vc_row full_width=&#8221;stretch_row&#8221; css=&#8221;.vc_custom_1494233748796{background-image: url(https:\/\/deananddavid.com\/wp-content\/uploads\/2017\/03\/DeanDavidZurich-15.jpg?id=1101) !important;background-position: center !important;background-repeat: no-repeat !important;background-size: cover !important;}&#8221;][vc_column][vc_empty_space height=&#8221;75px&#8221;][vc_column_text] City Galerie Aschaffenburg [\/vc_column_text][vc_empty_space height=&#8221;75px&#8221;][\/vc_column][\/vc_row][vc_row][vc_column offset=&#8221;vc_hidden-xs&#8221;][vc_single_image image=&#8221;7233&#8243; img_size=&#8221;full&#8221; alignment=&#8221;center&#8221; css=&#8221;.vc_custom_1494233769801{margin-top: -100px !important;}&#8221;][vc_icon type=&#8221;entypo&#8221; icon_entypo=&#8221;entypo-icon entypo-icon-down-open-big&#8221; color=&#8221;custom&#8221; size=&#8221;lg&#8221; align=&#8221;center&#8221; custom_color=&#8221;#666666&#8243; css=&#8221;.vc_custom_1619775818930{margin-top: -100px !important;}&#8221;][\/vc_column][\/vc_row][vc_row][vc_column width=&#8221;1\/3&#8243;][vc_empty_space][vc_empty_space height=&#8221;266px&#8221; css=&#8221;.vc_custom_1494233792011{background-image: url(https:\/\/deananddavid.com\/wp-content\/uploads\/2017\/03\/karriere_avatar.jpg?id=170) !important;background-position: center !important;background-repeat: no-repeat !important;background-size: contain !important;}&#8221;][\/vc_column][vc_column width=&#8221;2\/3&#8243;][vc_empty_space height=&#8221;15px&#8221;][vc_column_text]Willkommen bei dean&amp;david![\/vc_column_text][vc_column_text] Unsere Mission ist kompromisslose Frische. Dabei [&hellip;]<\/p>\n","protected":false},"author":5,"featured_media":0,"parent":0,"menu_order":0,"comment_status":"closed","ping_status":"closed","template":"","meta":{"_acf_changed":false,"rs_blank_template":"","rs_page_bg_color":"","slide_template_v7":"","footnotes":""},"class_list":["post-63584","page","type-page","status-publish","hentry"],"acf":[],"yoast_head":"<!-- This site is optimized with the Yoast SEO plugin v27.4 - https:\/\/yoast.com\/product\/yoast-seo-wordpress\/ -->\n<title>City Galerie Aschaffenburg - dean&amp;david<\/title>\n<meta name=\"robots\" content=\"index, follow, max-snippet:-1, max-image-preview:large, max-video-preview:-1\" \/>\n<link rel=\"canonical\" href=\"https:\/\/deananddavid.com\/en\/city-galerie-aschaffenburg-2\/\" \/>\n<meta property=\"og:locale\" content=\"en_US\" \/>\n<meta property=\"og:type\" content=\"article\" \/>\n<meta property=\"og:title\" content=\"City Galerie Aschaffenburg - dean&amp;david\" \/>\n<meta property=\"og:description\" content=\"[vc_row full_width=&#8221;stretch_row&#8221; css=&#8221;.vc_custom_1494233748796{background-image: url(https:\/\/deananddavid.com\/wp-content\/uploads\/2017\/03\/DeanDavidZurich-15.jpg?id=1101) !important;background-position: center !important;background-repeat: no-repeat !important;background-size: cover !important;}&#8221;][vc_column][vc_empty_space height=&#8221;75px&#8221;][vc_column_text] City Galerie Aschaffenburg [\/vc_column_text][vc_empty_space height=&#8221;75px&#8221;][\/vc_column][\/vc_row][vc_row][vc_column offset=&#8221;vc_hidden-xs&#8221;][vc_single_image image=&#8221;7233&#8243; img_size=&#8221;full&#8221; alignment=&#8221;center&#8221; css=&#8221;.vc_custom_1494233769801{margin-top: -100px !important;}&#8221;][vc_icon type=&#8221;entypo&#8221; icon_entypo=&#8221;entypo-icon entypo-icon-down-open-big&#8221; color=&#8221;custom&#8221; size=&#8221;lg&#8221; align=&#8221;center&#8221; custom_color=&#8221;#666666&#8243; css=&#8221;.vc_custom_1619775818930{margin-top: -100px !important;}&#8221;][\/vc_column][\/vc_row][vc_row][vc_column width=&#8221;1\/3&#8243;][vc_empty_space][vc_empty_space height=&#8221;266px&#8221; css=&#8221;.vc_custom_1494233792011{background-image: url(https:\/\/deananddavid.com\/wp-content\/uploads\/2017\/03\/karriere_avatar.jpg?id=170) !important;background-position: center !important;background-repeat: no-repeat !important;background-size: contain !important;}&#8221;][\/vc_column][vc_column width=&#8221;2\/3&#8243;][vc_empty_space height=&#8221;15px&#8221;][vc_column_text]Willkommen bei dean&amp;david![\/vc_column_text][vc_column_text] Unsere Mission ist kompromisslose Frische. Dabei [&hellip;]\" \/>\n<meta property=\"og:url\" content=\"https:\/\/deananddavid.com\/en\/city-galerie-aschaffenburg-2\/\" \/>\n<meta property=\"og:site_name\" content=\"dean&amp;david\" \/>\n<meta property=\"article:publisher\" content=\"https:\/\/www.facebook.com\/deananddavid07\" \/>\n<meta name=\"twitter:card\" content=\"summary_large_image\" \/>\n<meta name=\"twitter:label1\" content=\"Est. reading time\" \/>\n\t<meta name=\"twitter:data1\" content=\"2 minutes\" \/>\n<script type=\"application\/ld+json\" class=\"yoast-schema-graph\">{\"@context\":\"https:\\\/\\\/schema.org\",\"@graph\":[{\"@type\":\"WebPage\",\"@id\":\"https:\\\/\\\/deananddavid.com\\\/en\\\/city-galerie-aschaffenburg-2\\\/\",\"url\":\"https:\\\/\\\/deananddavid.com\\\/en\\\/city-galerie-aschaffenburg-2\\\/\",\"name\":\"City Galerie Aschaffenburg - dean&amp;david\",\"isPartOf\":{\"@id\":\"https:\\\/\\\/deananddavid.com\\\/en\\\/#website\"},\"datePublished\":\"2022-04-08T14:32:41+00:00\",\"breadcrumb\":{\"@id\":\"https:\\\/\\\/deananddavid.com\\\/en\\\/city-galerie-aschaffenburg-2\\\/#breadcrumb\"},\"inLanguage\":\"en-US\",\"potentialAction\":[{\"@type\":\"ReadAction\",\"target\":[\"https:\\\/\\\/deananddavid.com\\\/en\\\/city-galerie-aschaffenburg-2\\\/\"]}]},{\"@type\":\"BreadcrumbList\",\"@id\":\"https:\\\/\\\/deananddavid.com\\\/en\\\/city-galerie-aschaffenburg-2\\\/#breadcrumb\",\"itemListElement\":[{\"@type\":\"ListItem\",\"position\":1,\"name\":\"Startseite\",\"item\":\"https:\\\/\\\/deananddavid.com\\\/en\\\/\"},{\"@type\":\"ListItem\",\"position\":2,\"name\":\"City Galerie Aschaffenburg\"}]},{\"@type\":\"WebSite\",\"@id\":\"https:\\\/\\\/deananddavid.com\\\/en\\\/#website\",\"url\":\"https:\\\/\\\/deananddavid.com\\\/en\\\/\",\"name\":\"dean&amp;david\",\"description\":\"CHANGE FOR BETTER.\",\"publisher\":{\"@id\":\"https:\\\/\\\/deananddavid.com\\\/en\\\/#organization\"},\"potentialAction\":[{\"@type\":\"SearchAction\",\"target\":{\"@type\":\"EntryPoint\",\"urlTemplate\":\"https:\\\/\\\/deananddavid.com\\\/en\\\/?s={search_term_string}\"},\"query-input\":{\"@type\":\"PropertyValueSpecification\",\"valueRequired\":true,\"valueName\":\"search_term_string\"}}],\"inLanguage\":\"en-US\"},{\"@type\":\"Organization\",\"@id\":\"https:\\\/\\\/deananddavid.com\\\/en\\\/#organization\",\"name\":\"dean&david\",\"url\":\"https:\\\/\\\/deananddavid.com\\\/en\\\/\",\"logo\":{\"@type\":\"ImageObject\",\"inLanguage\":\"en-US\",\"@id\":\"https:\\\/\\\/deananddavid.com\\\/en\\\/#\\\/schema\\\/logo\\\/image\\\/\",\"url\":\"https:\\\/\\\/deananddavid.com\\\/wp-content\\\/uploads\\\/2017\\\/04\\\/deananddavid-superfood.png\",\"contentUrl\":\"https:\\\/\\\/deananddavid.com\\\/wp-content\\\/uploads\\\/2017\\\/04\\\/deananddavid-superfood.png\",\"width\":150,\"height\":50,\"caption\":\"dean&david\"},\"image\":{\"@id\":\"https:\\\/\\\/deananddavid.com\\\/en\\\/#\\\/schema\\\/logo\\\/image\\\/\"},\"sameAs\":[\"https:\\\/\\\/www.facebook.com\\\/deananddavid07\",\"https:\\\/\\\/www.instagram.com\\\/dean_and_david\\\/\"]}]}<\/script>\n<!-- \/ Yoast SEO plugin. -->","yoast_head_json":{"title":"City Galerie Aschaffenburg - dean&amp;david","robots":{"index":"index","follow":"follow","max-snippet":"max-snippet:-1","max-image-preview":"max-image-preview:large","max-video-preview":"max-video-preview:-1"},"canonical":"https:\/\/deananddavid.com\/en\/city-galerie-aschaffenburg-2\/","og_locale":"en_US","og_type":"article","og_title":"City Galerie Aschaffenburg - dean&amp;david","og_description":"[vc_row full_width=&#8221;stretch_row&#8221; css=&#8221;.vc_custom_1494233748796{background-image: url(https:\/\/deananddavid.com\/wp-content\/uploads\/2017\/03\/DeanDavidZurich-15.jpg?id=1101) !important;background-position: center !important;background-repeat: no-repeat !important;background-size: cover !important;}&#8221;][vc_column][vc_empty_space height=&#8221;75px&#8221;][vc_column_text] City Galerie Aschaffenburg [\/vc_column_text][vc_empty_space height=&#8221;75px&#8221;][\/vc_column][\/vc_row][vc_row][vc_column offset=&#8221;vc_hidden-xs&#8221;][vc_single_image image=&#8221;7233&#8243; img_size=&#8221;full&#8221; alignment=&#8221;center&#8221; css=&#8221;.vc_custom_1494233769801{margin-top: -100px !important;}&#8221;][vc_icon type=&#8221;entypo&#8221; icon_entypo=&#8221;entypo-icon entypo-icon-down-open-big&#8221; color=&#8221;custom&#8221; size=&#8221;lg&#8221; align=&#8221;center&#8221; custom_color=&#8221;#666666&#8243; css=&#8221;.vc_custom_1619775818930{margin-top: -100px !important;}&#8221;][\/vc_column][\/vc_row][vc_row][vc_column width=&#8221;1\/3&#8243;][vc_empty_space][vc_empty_space height=&#8221;266px&#8221; css=&#8221;.vc_custom_1494233792011{background-image: url(https:\/\/deananddavid.com\/wp-content\/uploads\/2017\/03\/karriere_avatar.jpg?id=170) !important;background-position: center !important;background-repeat: no-repeat !important;background-size: contain !important;}&#8221;][\/vc_column][vc_column width=&#8221;2\/3&#8243;][vc_empty_space height=&#8221;15px&#8221;][vc_column_text]Willkommen bei dean&amp;david![\/vc_column_text][vc_column_text] Unsere Mission ist kompromisslose Frische. Dabei [&hellip;]","og_url":"https:\/\/deananddavid.com\/en\/city-galerie-aschaffenburg-2\/","og_site_name":"dean&amp;david","article_publisher":"https:\/\/www.facebook.com\/deananddavid07","twitter_card":"summary_large_image","twitter_misc":{"Est. reading time":"2 minutes"},"schema":{"@context":"https:\/\/schema.org","@graph":[{"@type":"WebPage","@id":"https:\/\/deananddavid.com\/en\/city-galerie-aschaffenburg-2\/","url":"https:\/\/deananddavid.com\/en\/city-galerie-aschaffenburg-2\/","name":"City Galerie Aschaffenburg - dean&amp;david","isPartOf":{"@id":"https:\/\/deananddavid.com\/en\/#website"},"datePublished":"2022-04-08T14:32:41+00:00","breadcrumb":{"@id":"https:\/\/deananddavid.com\/en\/city-galerie-aschaffenburg-2\/#breadcrumb"},"inLanguage":"en-US","potentialAction":[{"@type":"ReadAction","target":["https:\/\/deananddavid.com\/en\/city-galerie-aschaffenburg-2\/"]}]},{"@type":"BreadcrumbList","@id":"https:\/\/deananddavid.com\/en\/city-galerie-aschaffenburg-2\/#breadcrumb","itemListElement":[{"@type":"ListItem","position":1,"name":"Startseite","item":"https:\/\/deananddavid.com\/en\/"},{"@type":"ListItem","position":2,"name":"City Galerie Aschaffenburg"}]},{"@type":"WebSite","@id":"https:\/\/deananddavid.com\/en\/#website","url":"https:\/\/deananddavid.com\/en\/","name":"dean&amp;david","description":"CHANGE FOR BETTER.","publisher":{"@id":"https:\/\/deananddavid.com\/en\/#organization"},"potentialAction":[{"@type":"SearchAction","target":{"@type":"EntryPoint","urlTemplate":"https:\/\/deananddavid.com\/en\/?s={search_term_string}"},"query-input":{"@type":"PropertyValueSpecification","valueRequired":true,"valueName":"search_term_string"}}],"inLanguage":"en-US"},{"@type":"Organization","@id":"https:\/\/deananddavid.com\/en\/#organization","name":"dean&david","url":"https:\/\/deananddavid.com\/en\/","logo":{"@type":"ImageObject","inLanguage":"en-US","@id":"https:\/\/deananddavid.com\/en\/#\/schema\/logo\/image\/","url":"https:\/\/deananddavid.com\/wp-content\/uploads\/2017\/04\/deananddavid-superfood.png","contentUrl":"https:\/\/deananddavid.com\/wp-content\/uploads\/2017\/04\/deananddavid-superfood.png","width":150,"height":50,"caption":"dean&david"},"image":{"@id":"https:\/\/deananddavid.com\/en\/#\/schema\/logo\/image\/"},"sameAs":["https:\/\/www.facebook.com\/deananddavid07","https:\/\/www.instagram.com\/dean_and_david\/"]}]}},"_links":{"self":[{"href":"https:\/\/deananddavid.com\/en\/wp-json\/wp\/v2\/pages\/63584","targetHints":{"allow":["GET"]}}],"collection":[{"href":"https:\/\/deananddavid.com\/en\/wp-json\/wp\/v2\/pages"}],"about":[{"href":"https:\/\/deananddavid.com\/en\/wp-json\/wp\/v2\/types\/page"}],"author":[{"embeddable":true,"href":"https:\/\/deananddavid.com\/en\/wp-json\/wp\/v2\/users\/5"}],"replies":[{"embeddable":true,"href":"https:\/\/deananddavid.com\/en\/wp-json\/wp\/v2\/comments?post=63584"}],"version-history":[{"count":4,"href":"https:\/\/deananddavid.com\/en\/wp-json\/wp\/v2\/pages\/63584\/revisions"}],"predecessor-version":[{"id":64979,"href":"https:\/\/deananddavid.com\/en\/wp-json\/wp\/v2\/pages\/63584\/revisions\/64979"}],"wp:attachment":[{"href":"https:\/\/deananddavid.com\/en\/wp-json\/wp\/v2\/media?parent=63584"}],"curies":[{"name":"wp","href":"https:\/\/api.w.org\/{rel}","templated":true}]}}