{"id":65236,"date":"2022-04-13T10:15:03","date_gmt":"2022-04-13T08:15:03","guid":{"rendered":"https:\/\/deananddavid.com\/?page_id=65236"},"modified":"2025-08-20T11:04:14","modified_gmt":"2025-08-20T09:04:14","slug":"paderborn-detmolder-strasse","status":"publish","type":"page","link":"https:\/\/deananddavid.com\/en\/paderborn-detmolder-strasse\/","title":{"rendered":"Detmolder Str. Paderborn"},"content":{"rendered":"<div class=\"wpb-content-wrapper\"><p>[vc_row full_width=&#8221;stretch_row&#8221; css=&#8221;.vc_custom_1489504328743{background-image: url(https:\/\/deananddavid.com\/wp-content\/uploads\/2017\/03\/DeanDavidZurich-15.jpg?id=1101) !important;background-position: center !important;background-repeat: no-repeat !important;background-size: cover !important;}&#8221;][vc_column][vc_empty_space height=&#8221;75px&#8221;][vc_column_text]<\/p>\n<p style=\"text-align: center;\"><span style=\"color: #ffffff; text-shadow: 0 0 30px #000; letter-spacing: 0.05em; font-weight: normal; font-style: normal; font-size: 2.5em; line-height: 1.2; margin-bottom: 15px; font-family: TheHandBlack;\">Detmolder Str.<br \/>\n<\/span><span style=\"color: #ffffff; text-transform: uppercase; font-family: DINNextLTPro-Medium; font-size: 2em; font-weight: normal; font-style: normal; line-height: 1.2; text-shadow: 0 0 30px #000;\">Paderborn<\/span><\/p>\n<p>[\/vc_column_text][vc_empty_space height=&#8221;75px&#8221;][\/vc_column][\/vc_row][vc_row][vc_column offset=&#8221;vc_hidden-xs&#8221;][vc_single_image image=&#8221;7233&#8243; img_size=&#8221;full&#8221; alignment=&#8221;center&#8221; css=&#8221;.vc_custom_1489514201815{margin-top: -100px !important;}&#8221;][vc_icon type=&#8221;entypo&#8221; icon_entypo=&#8221;entypo-icon entypo-icon-down-open-big&#8221; color=&#8221;custom&#8221; size=&#8221;lg&#8221; align=&#8221;center&#8221; css=&#8221;.vc_custom_1620743683593{margin-top: -100px !important;}&#8221; custom_color=&#8221;#666666&#8243;][\/vc_column][\/vc_row][vc_row][vc_column width=&#8221;1\/3&#8243;][vc_empty_space][vc_empty_space height=&#8221;266px&#8221; css=&#8221;.vc_custom_1648547115290{background-image: url(https:\/\/deananddavid.com\/wp-content\/uploads\/2022\/03\/Mitarbeiterbild.jpg?id=63638) !important;background-position: center !important;background-repeat: no-repeat !important;background-size: contain !important;}&#8221;][\/vc_column][vc_column width=&#8221;2\/3&#8243;][vc_empty_space height=&#8221;15px&#8221;][vc_column_text]<span style=\"color: #72a862; font-weight: normal; font-style: normal; letter-spacing: 0.05em; font-size: 1.8em; line-height: 1.4em; font-family: TheHandBlack;\">Welcome at dean&amp;david!<\/span>[\/vc_column_text][vc_column_text]Unsere Mission ist kompromisslose Frische. Dabei verarbeiten wir sorgf\u00e4ltig ausgew\u00e4hlte, frische, nat\u00fcrliche und qualitativ hochwertige Zutaten, die keine Geschmacksverst\u00e4rker, Farb- oder Konservierungsstoffe enthalten \u2013 einfaches, gesundes und von Hand zubereitetes Essen![\/vc_column_text][vc_column_text]Wusstest Du schon, dass der Gr\u00fcnder David Baumgartner den ersten dean&amp;david 2007 an der M\u00fcnchner Uni er\u00f6ffnet hat?<br \/>\nSeitdem er\u00f6ffnet er zusammen mit lokalen Partnern, die seine\u00a0Leidenschaft f\u00fcr frische und gesunde Ern\u00e4hrung teilen, flei\u00dfig Frische-Manufakturen.[\/vc_column_text][\/vc_column][\/vc_row][vc_row][vc_column][vc_empty_space height=&#8221;50px&#8221;][\/vc_column][\/vc_row][vc_row][vc_column width=&#8221;1\/4&#8243;][vc_column_text]<\/p>\n<p style=\"text-align: left;\"><span style=\"color: #666a6b; text-transform: uppercase; font-size: 0.8em; font-family: DINNextLTPro-Medium; font-weight: normal; font-style: normal; margin-top: 0; line-height: 1; -webkit-margin-before: 0.83em; -webkit-margin-after: 0.83em; -webkit-margin-start: 0px; -webkit-margin-end: 0px; display: block; letter-spacing: 0.05em;\">Opening Hours<\/span><\/p>\n<p>[\/vc_column_text][vc_column_text css=&#8221;&#8221;]<span data-olk-copy-source=\"MessageBody\">(kitchen open until 8pm)<\/span>[\/vc_column_text][vc_raw_html]JTNDZGl2JTIwaWQlM0QlMjJvcGVuaW5nSG91cnNIZXJlJTIyJTIwZGF0YS1wbGFjZS1pZCUzRCUyMkNoSUpqNExzcGYxTnVrY1JHWTBRQ2duaTRDbyUyMiUzRSUzQyUyRmRpdiUzRQ==[\/vc_raw_html][vc_btn title=&#8221;GO TO GOOGLE MAPS&#8221; style=&#8221;custom&#8221; custom_background=&#8221;#72a862&#8243; custom_text=&#8221;#ffffff&#8221; size=&#8221;xs&#8221; link=&#8221;url:https%3A%2F%2Fwww.google.com%2Fmaps%2Fplace%2Fdean%2526david%2F%4051.72969%2C8.76302%2C17z%2Fdata%3D!4m13!1m7!3m6!1s0x0%3A0x2ae0e2090a108d19!2sdean%2526david!8m2!3d51.72969!4d8.76302!10e2!3m4!1s0x0%3A0x2ae0e2090a108d19!8m2!3d51.72969!4d8.76302%3Fhl%3Den&#8221;][\/vc_column][vc_column width=&#8221;1\/4&#8243;][vc_column_text]<\/p>\n<p style=\"text-align: left;\"><span style=\"color: #666a6b; text-transform: uppercase; font-size: 0.8em; font-family: DINNextLTPro-Medium; font-weight: normal; font-style: normal; margin-top: 0; line-height: 1; -webkit-margin-before: 0.83em; -webkit-margin-after: 0.83em; -webkit-margin-start: 0px; -webkit-margin-end: 0px; display: block; letter-spacing: 0.05em;\">contact<\/span><\/p>\n<p>[\/vc_column_text][vc_column_text]dean&amp;david PB Detmolder GmbH<br \/>\nDetmolder Stra\u00dfe 57-59<br \/>\n33100 Paderborn<\/p>\n<p>+49 5251 1840190<br \/>\n<a href=\"mailto:paderborn.detmolderstra\u00dfe@deananddavid.com\">paderborn.detmolderstra\u00dfe@deananddavid.com<\/a>[\/vc_column_text][\/vc_column][vc_column width=&#8221;1\/4&#8243;][vc_column_text]<\/p>\n<p style=\"text-align: left;\"><span style=\"color: #666a6b; text-transform: uppercase; font-size: 0.8em; font-family: DINNextLTPro-Medium; font-weight: normal; font-style: normal; margin-top: 0; line-height: 1; -webkit-margin-before: 0.83em; -webkit-margin-after: 0.83em; -webkit-margin-start: 0px; -webkit-margin-end: 0px; display: block; letter-spacing: 0.05em;\">Delivery service<\/span><\/p>\n<p>[\/vc_column_text][vc_column_text]Order now with\u00a0<strong>dean&amp;david app<\/strong>\u00a0or\u00a0<strong>webshop<\/strong>, pay online and pick up without waiting \u2013 or simply have it delivered free of charge.[\/vc_column_text][vc_btn title=&#8221;ORDER NOW&#8221; style=&#8221;custom&#8221; custom_background=&#8221;#72a862&#8243; custom_text=&#8221;#ffffff&#8221; size=&#8221;xs&#8221; link=&#8221;url:https%3A%2F%2Forder.deananddavid.com%2Fen%2F&#8221;][\/vc_column][vc_column width=&#8221;1\/4&#8243;][vc_column_text]<\/p>\n<p style=\"text-align: left;\"><span style=\"color: #666a6b; text-transform: uppercase; font-size: 0.8em; font-family: DINNextLTPro-Medium; font-weight: normal; font-style: normal; margin-top: 0; line-height: 1; -webkit-margin-before: 0.83em; -webkit-margin-after: 0.83em; -webkit-margin-start: 0px; -webkit-margin-end: 0px; display: block; letter-spacing: 0.05em;\">Catering<\/span><\/p>\n<p>[\/vc_column_text][vc_column_text]No Catering[\/vc_column_text][\/vc_column][\/vc_row]<\/p>\n<\/div>","protected":false},"excerpt":{"rendered":"<p>[vc_row full_width=&#8221;stretch_row&#8221; css=&#8221;.vc_custom_1489504328743{background-image: url(https:\/\/deananddavid.com\/wp-content\/uploads\/2017\/03\/DeanDavidZurich-15.jpg?id=1101) !important;background-position: center !important;background-repeat: no-repeat !important;background-size: cover !important;}&#8221;][vc_column][vc_empty_space height=&#8221;75px&#8221;][vc_column_text] Detmolder Str. Paderborn [\/vc_column_text][vc_empty_space height=&#8221;75px&#8221;][\/vc_column][\/vc_row][vc_row][vc_column offset=&#8221;vc_hidden-xs&#8221;][vc_single_image image=&#8221;7233&#8243; img_size=&#8221;full&#8221; alignment=&#8221;center&#8221; css=&#8221;.vc_custom_1489514201815{margin-top: -100px !important;}&#8221;][vc_icon type=&#8221;entypo&#8221; icon_entypo=&#8221;entypo-icon entypo-icon-down-open-big&#8221; color=&#8221;custom&#8221; size=&#8221;lg&#8221; align=&#8221;center&#8221; css=&#8221;.vc_custom_1620743683593{margin-top: -100px !important;}&#8221; custom_color=&#8221;#666666&#8243;][\/vc_column][\/vc_row][vc_row][vc_column width=&#8221;1\/3&#8243;][vc_empty_space][vc_empty_space height=&#8221;266px&#8221; css=&#8221;.vc_custom_1648547115290{background-image: url(https:\/\/deananddavid.com\/wp-content\/uploads\/2022\/03\/Mitarbeiterbild.jpg?id=63638) !important;background-position: center !important;background-repeat: no-repeat !important;background-size: contain !important;}&#8221;][\/vc_column][vc_column width=&#8221;2\/3&#8243;][vc_empty_space height=&#8221;15px&#8221;][vc_column_text]Welcome at dean&amp;david![\/vc_column_text][vc_column_text]Unsere Mission ist kompromisslose Frische. Dabei verarbeiten [&hellip;]<\/p>\n","protected":false},"author":5,"featured_media":0,"parent":0,"menu_order":0,"comment_status":"closed","ping_status":"closed","template":"page-boxed.php","meta":{"_acf_changed":false,"rs_blank_template":"","rs_page_bg_color":"","slide_template_v7":"","footnotes":""},"class_list":["post-65236","page","type-page","status-publish","hentry"],"acf":[],"yoast_head":"<!-- This site is optimized with the Yoast SEO plugin v27.2 - https:\/\/yoast.com\/product\/yoast-seo-wordpress\/ -->\n<title>Detmolder Str. Paderborn - dean&amp;david<\/title>\n<meta name=\"robots\" content=\"index, follow, max-snippet:-1, max-image-preview:large, max-video-preview:-1\" \/>\n<link rel=\"canonical\" href=\"https:\/\/deananddavid.com\/en\/paderborn-detmolder-strasse\/\" \/>\n<meta property=\"og:locale\" content=\"en_US\" \/>\n<meta property=\"og:type\" content=\"article\" \/>\n<meta property=\"og:title\" content=\"Detmolder Str. Paderborn - dean&amp;david\" \/>\n<meta property=\"og:description\" content=\"[vc_row full_width=&#8221;stretch_row&#8221; css=&#8221;.vc_custom_1489504328743{background-image: url(https:\/\/deananddavid.com\/wp-content\/uploads\/2017\/03\/DeanDavidZurich-15.jpg?id=1101) !important;background-position: center !important;background-repeat: no-repeat !important;background-size: cover !important;}&#8221;][vc_column][vc_empty_space height=&#8221;75px&#8221;][vc_column_text] Detmolder Str. Paderborn [\/vc_column_text][vc_empty_space height=&#8221;75px&#8221;][\/vc_column][\/vc_row][vc_row][vc_column offset=&#8221;vc_hidden-xs&#8221;][vc_single_image image=&#8221;7233&#8243; img_size=&#8221;full&#8221; alignment=&#8221;center&#8221; css=&#8221;.vc_custom_1489514201815{margin-top: -100px !important;}&#8221;][vc_icon type=&#8221;entypo&#8221; icon_entypo=&#8221;entypo-icon entypo-icon-down-open-big&#8221; color=&#8221;custom&#8221; size=&#8221;lg&#8221; align=&#8221;center&#8221; css=&#8221;.vc_custom_1620743683593{margin-top: -100px !important;}&#8221; custom_color=&#8221;#666666&#8243;][\/vc_column][\/vc_row][vc_row][vc_column width=&#8221;1\/3&#8243;][vc_empty_space][vc_empty_space height=&#8221;266px&#8221; css=&#8221;.vc_custom_1648547115290{background-image: url(https:\/\/deananddavid.com\/wp-content\/uploads\/2022\/03\/Mitarbeiterbild.jpg?id=63638) !important;background-position: center !important;background-repeat: no-repeat !important;background-size: contain !important;}&#8221;][\/vc_column][vc_column width=&#8221;2\/3&#8243;][vc_empty_space height=&#8221;15px&#8221;][vc_column_text]Welcome at dean&amp;david![\/vc_column_text][vc_column_text]Unsere Mission ist kompromisslose Frische. Dabei verarbeiten [&hellip;]\" \/>\n<meta property=\"og:url\" content=\"https:\/\/deananddavid.com\/en\/paderborn-detmolder-strasse\/\" \/>\n<meta property=\"og:site_name\" content=\"dean&amp;david\" \/>\n<meta property=\"article:publisher\" content=\"https:\/\/www.facebook.com\/deananddavid07\" \/>\n<meta property=\"article:modified_time\" content=\"2025-08-20T09:04:14+00:00\" \/>\n<meta name=\"twitter:card\" content=\"summary_large_image\" \/>\n<meta name=\"twitter:label1\" content=\"Est. reading time\" \/>\n\t<meta name=\"twitter:data1\" content=\"2 minutes\" \/>\n<script type=\"application\/ld+json\" class=\"yoast-schema-graph\">{\"@context\":\"https:\/\/schema.org\",\"@graph\":[{\"@type\":\"WebPage\",\"@id\":\"https:\/\/deananddavid.com\/en\/paderborn-detmolder-strasse\/\",\"url\":\"https:\/\/deananddavid.com\/en\/paderborn-detmolder-strasse\/\",\"name\":\"Detmolder Str. Paderborn - dean&amp;david\",\"isPartOf\":{\"@id\":\"https:\/\/deananddavid.com\/en\/#website\"},\"datePublished\":\"2022-04-13T08:15:03+00:00\",\"dateModified\":\"2025-08-20T09:04:14+00:00\",\"breadcrumb\":{\"@id\":\"https:\/\/deananddavid.com\/en\/paderborn-detmolder-strasse\/#breadcrumb\"},\"inLanguage\":\"en-US\",\"potentialAction\":[{\"@type\":\"ReadAction\",\"target\":[\"https:\/\/deananddavid.com\/en\/paderborn-detmolder-strasse\/\"]}]},{\"@type\":\"BreadcrumbList\",\"@id\":\"https:\/\/deananddavid.com\/en\/paderborn-detmolder-strasse\/#breadcrumb\",\"itemListElement\":[{\"@type\":\"ListItem\",\"position\":1,\"name\":\"Startseite\",\"item\":\"https:\/\/deananddavid.com\/en\/\"},{\"@type\":\"ListItem\",\"position\":2,\"name\":\"Detmolder Str. Paderborn\"}]},{\"@type\":\"WebSite\",\"@id\":\"https:\/\/deananddavid.com\/en\/#website\",\"url\":\"https:\/\/deananddavid.com\/en\/\",\"name\":\"dean&amp;david\",\"description\":\"CHANGE FOR BETTER.\",\"publisher\":{\"@id\":\"https:\/\/deananddavid.com\/en\/#organization\"},\"potentialAction\":[{\"@type\":\"SearchAction\",\"target\":{\"@type\":\"EntryPoint\",\"urlTemplate\":\"https:\/\/deananddavid.com\/en\/?s={search_term_string}\"},\"query-input\":{\"@type\":\"PropertyValueSpecification\",\"valueRequired\":true,\"valueName\":\"search_term_string\"}}],\"inLanguage\":\"en-US\"},{\"@type\":\"Organization\",\"@id\":\"https:\/\/deananddavid.com\/en\/#organization\",\"name\":\"dean&david\",\"url\":\"https:\/\/deananddavid.com\/en\/\",\"logo\":{\"@type\":\"ImageObject\",\"inLanguage\":\"en-US\",\"@id\":\"https:\/\/deananddavid.com\/en\/#\/schema\/logo\/image\/\",\"url\":\"https:\/\/deananddavid.com\/wp-content\/uploads\/2017\/04\/deananddavid-superfood.png\",\"contentUrl\":\"https:\/\/deananddavid.com\/wp-content\/uploads\/2017\/04\/deananddavid-superfood.png\",\"width\":150,\"height\":50,\"caption\":\"dean&david\"},\"image\":{\"@id\":\"https:\/\/deananddavid.com\/en\/#\/schema\/logo\/image\/\"},\"sameAs\":[\"https:\/\/www.facebook.com\/deananddavid07\",\"https:\/\/www.instagram.com\/dean_and_david\/\"]}]}<\/script>\n<!-- \/ Yoast SEO plugin. -->","yoast_head_json":{"title":"Detmolder Str. Paderborn - dean&amp;david","robots":{"index":"index","follow":"follow","max-snippet":"max-snippet:-1","max-image-preview":"max-image-preview:large","max-video-preview":"max-video-preview:-1"},"canonical":"https:\/\/deananddavid.com\/en\/paderborn-detmolder-strasse\/","og_locale":"en_US","og_type":"article","og_title":"Detmolder Str. Paderborn - dean&amp;david","og_description":"[vc_row full_width=&#8221;stretch_row&#8221; css=&#8221;.vc_custom_1489504328743{background-image: url(https:\/\/deananddavid.com\/wp-content\/uploads\/2017\/03\/DeanDavidZurich-15.jpg?id=1101) !important;background-position: center !important;background-repeat: no-repeat !important;background-size: cover !important;}&#8221;][vc_column][vc_empty_space height=&#8221;75px&#8221;][vc_column_text] Detmolder Str. Paderborn [\/vc_column_text][vc_empty_space height=&#8221;75px&#8221;][\/vc_column][\/vc_row][vc_row][vc_column offset=&#8221;vc_hidden-xs&#8221;][vc_single_image image=&#8221;7233&#8243; img_size=&#8221;full&#8221; alignment=&#8221;center&#8221; css=&#8221;.vc_custom_1489514201815{margin-top: -100px !important;}&#8221;][vc_icon type=&#8221;entypo&#8221; icon_entypo=&#8221;entypo-icon entypo-icon-down-open-big&#8221; color=&#8221;custom&#8221; size=&#8221;lg&#8221; align=&#8221;center&#8221; css=&#8221;.vc_custom_1620743683593{margin-top: -100px !important;}&#8221; custom_color=&#8221;#666666&#8243;][\/vc_column][\/vc_row][vc_row][vc_column width=&#8221;1\/3&#8243;][vc_empty_space][vc_empty_space height=&#8221;266px&#8221; css=&#8221;.vc_custom_1648547115290{background-image: url(https:\/\/deananddavid.com\/wp-content\/uploads\/2022\/03\/Mitarbeiterbild.jpg?id=63638) !important;background-position: center !important;background-repeat: no-repeat !important;background-size: contain !important;}&#8221;][\/vc_column][vc_column width=&#8221;2\/3&#8243;][vc_empty_space height=&#8221;15px&#8221;][vc_column_text]Welcome at dean&amp;david![\/vc_column_text][vc_column_text]Unsere Mission ist kompromisslose Frische. Dabei verarbeiten [&hellip;]","og_url":"https:\/\/deananddavid.com\/en\/paderborn-detmolder-strasse\/","og_site_name":"dean&amp;david","article_publisher":"https:\/\/www.facebook.com\/deananddavid07","article_modified_time":"2025-08-20T09:04:14+00:00","twitter_card":"summary_large_image","twitter_misc":{"Est. reading time":"2 minutes"},"schema":{"@context":"https:\/\/schema.org","@graph":[{"@type":"WebPage","@id":"https:\/\/deananddavid.com\/en\/paderborn-detmolder-strasse\/","url":"https:\/\/deananddavid.com\/en\/paderborn-detmolder-strasse\/","name":"Detmolder Str. Paderborn - dean&amp;david","isPartOf":{"@id":"https:\/\/deananddavid.com\/en\/#website"},"datePublished":"2022-04-13T08:15:03+00:00","dateModified":"2025-08-20T09:04:14+00:00","breadcrumb":{"@id":"https:\/\/deananddavid.com\/en\/paderborn-detmolder-strasse\/#breadcrumb"},"inLanguage":"en-US","potentialAction":[{"@type":"ReadAction","target":["https:\/\/deananddavid.com\/en\/paderborn-detmolder-strasse\/"]}]},{"@type":"BreadcrumbList","@id":"https:\/\/deananddavid.com\/en\/paderborn-detmolder-strasse\/#breadcrumb","itemListElement":[{"@type":"ListItem","position":1,"name":"Startseite","item":"https:\/\/deananddavid.com\/en\/"},{"@type":"ListItem","position":2,"name":"Detmolder Str. Paderborn"}]},{"@type":"WebSite","@id":"https:\/\/deananddavid.com\/en\/#website","url":"https:\/\/deananddavid.com\/en\/","name":"dean&amp;david","description":"CHANGE FOR BETTER.","publisher":{"@id":"https:\/\/deananddavid.com\/en\/#organization"},"potentialAction":[{"@type":"SearchAction","target":{"@type":"EntryPoint","urlTemplate":"https:\/\/deananddavid.com\/en\/?s={search_term_string}"},"query-input":{"@type":"PropertyValueSpecification","valueRequired":true,"valueName":"search_term_string"}}],"inLanguage":"en-US"},{"@type":"Organization","@id":"https:\/\/deananddavid.com\/en\/#organization","name":"dean&david","url":"https:\/\/deananddavid.com\/en\/","logo":{"@type":"ImageObject","inLanguage":"en-US","@id":"https:\/\/deananddavid.com\/en\/#\/schema\/logo\/image\/","url":"https:\/\/deananddavid.com\/wp-content\/uploads\/2017\/04\/deananddavid-superfood.png","contentUrl":"https:\/\/deananddavid.com\/wp-content\/uploads\/2017\/04\/deananddavid-superfood.png","width":150,"height":50,"caption":"dean&david"},"image":{"@id":"https:\/\/deananddavid.com\/en\/#\/schema\/logo\/image\/"},"sameAs":["https:\/\/www.facebook.com\/deananddavid07","https:\/\/www.instagram.com\/dean_and_david\/"]}]}},"_links":{"self":[{"href":"https:\/\/deananddavid.com\/en\/wp-json\/wp\/v2\/pages\/65236","targetHints":{"allow":["GET"]}}],"collection":[{"href":"https:\/\/deananddavid.com\/en\/wp-json\/wp\/v2\/pages"}],"about":[{"href":"https:\/\/deananddavid.com\/en\/wp-json\/wp\/v2\/types\/page"}],"author":[{"embeddable":true,"href":"https:\/\/deananddavid.com\/en\/wp-json\/wp\/v2\/users\/5"}],"replies":[{"embeddable":true,"href":"https:\/\/deananddavid.com\/en\/wp-json\/wp\/v2\/comments?post=65236"}],"version-history":[{"count":6,"href":"https:\/\/deananddavid.com\/en\/wp-json\/wp\/v2\/pages\/65236\/revisions"}],"predecessor-version":[{"id":83448,"href":"https:\/\/deananddavid.com\/en\/wp-json\/wp\/v2\/pages\/65236\/revisions\/83448"}],"wp:attachment":[{"href":"https:\/\/deananddavid.com\/en\/wp-json\/wp\/v2\/media?parent=65236"}],"curies":[{"name":"wp","href":"https:\/\/api.w.org\/{rel}","templated":true}]}}